{"id":1106,"date":"2022-12-15T18:06:27","date_gmt":"2022-12-15T18:06:27","guid":{"rendered":"https:\/\/atloncrest.com\/dev\/aiil-iadi\/?page_id=1106"},"modified":"2023-02-13T22:40:56","modified_gmt":"2023-02-13T22:40:56","slug":"our-objectives","status":"publish","type":"page","link":"https:\/\/aiil-iadi.org\/fr\/our-objectives\/","title":{"rendered":"OBJECTIFS"},"content":{"rendered":"<div data-elementor-type=\"wp-page\" data-elementor-id=\"1106\" class=\"elementor elementor-1106\" data-elementor-post-type=\"page\">\n\t\t\t\t\t\t<section class=\"elementor-section elementor-top-section elementor-element elementor-element-53714dd elementor-section-boxed elementor-section-height-default elementor-section-height-default\" data-id=\"53714dd\" data-element_type=\"section\" data-e-type=\"section\">\n\t\t\t\t\t\t<div class=\"elementor-container elementor-column-gap-default\">\n\t\t\t\t\t<div class=\"elementor-column elementor-col-100 elementor-top-column elementor-element elementor-element-e3c1763\" data-id=\"e3c1763\" data-element_type=\"column\" data-e-type=\"column\">\n\t\t\t<div class=\"elementor-widget-wrap elementor-element-populated\">\n\t\t\t\t\t\t<div class=\"elementor-element elementor-element-443affc elementor-widget elementor-widget-text-editor\" data-id=\"443affc\" data-element_type=\"widget\" data-e-type=\"widget\" data-widget_type=\"text-editor.default\">\n\t\t\t\t<div class=\"elementor-widget-container\">\n\t\t\t\t\t\t\t\t\t<p>L'objectif principal de l'Institut est de contribuer \u00e0 une meilleure connaissance du droit international comme moyen de renforcer la paix et la s\u00e9curit\u00e9 internationales et de promouvoir les relations amicales et la coop\u00e9ration entre les \u00c9tats. En outre, l'Institut est cens\u00e9 contribuer au renforcement de l'\u00c9tat de droit tant au niveau national qu'international sur le continent africain, en assurant une mise en \u0153uvre nationale efficace des normes internationales dans le domaine des droits de l'homme, de la bonne gouvernance, de l'ind\u00e9pendance du pouvoir judiciaire, de la responsabilit\u00e9 et de la lutte contre la corruption.<\/p>\t\t\t\t\t\t\t\t<\/div>\n\t\t\t\t<\/div>\n\t\t\t\t\t<\/div>\n\t\t<\/div>\n\t\t\t\t\t<\/div>\n\t\t<\/section>\n\t\t<div class=\"elementor-element elementor-element-cd2fbd2 e-flex e-con-boxed e-con e-parent\" data-id=\"cd2fbd2\" data-element_type=\"container\" data-e-type=\"container\">\n\t\t\t\t\t<div class=\"e-con-inner\">\n\t\t<div class=\"elementor-element elementor-element-d8505bb e-con-full e-flex e-con e-parent\" data-id=\"d8505bb\" data-element_type=\"container\" data-e-type=\"container\" data-settings=\"{&quot;background_background&quot;:&quot;classic&quot;}\">\n\t\t\t\t<div class=\"elementor-element elementor-element-168cfe0 elementor-view-stacked elementor-shape-square elementor-widget elementor-widget-icon\" data-id=\"168cfe0\" data-element_type=\"widget\" data-e-type=\"widget\" data-widget_type=\"icon.default\">\n\t\t\t\t<div class=\"elementor-widget-container\">\n\t\t\t\t\t\t\t<div class=\"elementor-icon-wrapper\">\n\t\t\t<div class=\"elementor-icon\">\n\t\t\t<svg aria-hidden=\"true\" class=\"e-font-icon-svg e-fas-record-vinyl\" viewbox=\"0 0 512 512\" xmlns=\"http:\/\/www.w3.org\/2000\/svg\"><path d=\"M256 152a104 104 0 1 0 104 104 104 104 0 0 0-104-104zm0 128a24 24 0 1 1 24-24 24 24 0 0 1-24 24zm0-272C119 8 8 119 8 256s111 248 248 248 248-111 248-248S393 8 256 8zm0 376a128 128 0 1 1 128-128 128 128 0 0 1-128 128z\"><\/path><\/svg>\t\t\t<\/div>\n\t\t<\/div>\n\t\t\t\t\t\t<\/div>\n\t\t\t\t<\/div>\n\t\t\t\t<div class=\"elementor-element elementor-element-f8b6f0a elementor-widget elementor-widget-heading\" data-id=\"f8b6f0a\" data-element_type=\"widget\" data-e-type=\"widget\" data-widget_type=\"heading.default\">\n\t\t\t\t<div class=\"elementor-widget-container\">\n\t\t\t\t\t<h2 class=\"elementor-heading-title elementor-size-default\">OBJECTIF 1<\/h2>\t\t\t\t<\/div>\n\t\t\t\t<\/div>\n\t\t\t\t<div class=\"elementor-element elementor-element-6528164 elementor-widget elementor-widget-text-editor\" data-id=\"6528164\" data-element_type=\"widget\" data-e-type=\"widget\" data-widget_type=\"text-editor.default\">\n\t\t\t\t<div class=\"elementor-widget-container\">\n\t\t\t\t\t\t\t\t\tOffrir des cours de formation sp\u00e9cialis\u00e9s et cibl\u00e9s ainsi que des programmes de recherche aux \u00e9tudiants avanc\u00e9s, aux universitaires, aux fonctionnaires gouvernementaux et du secteur priv\u00e9 sur divers aspects du droit international.\t\t\t\t\t\t\t\t<\/div>\n\t\t\t\t<\/div>\n\t\t\t\t<\/div>\n\t\t<div class=\"elementor-element elementor-element-6aa5b9e e-con-full e-flex e-con e-parent\" data-id=\"6aa5b9e\" data-element_type=\"container\" data-e-type=\"container\" data-settings=\"{&quot;background_background&quot;:&quot;classic&quot;}\">\n\t\t\t\t<div class=\"elementor-element elementor-element-793cdbe elementor-view-stacked elementor-shape-square elementor-widget elementor-widget-icon\" data-id=\"793cdbe\" data-element_type=\"widget\" data-e-type=\"widget\" data-widget_type=\"icon.default\">\n\t\t\t\t<div class=\"elementor-widget-container\">\n\t\t\t\t\t\t\t<div class=\"elementor-icon-wrapper\">\n\t\t\t<div class=\"elementor-icon\">\n\t\t\t<svg aria-hidden=\"true\" class=\"e-font-icon-svg e-fas-record-vinyl\" viewbox=\"0 0 512 512\" xmlns=\"http:\/\/www.w3.org\/2000\/svg\"><path d=\"M256 152a104 104 0 1 0 104 104 104 104 0 0 0-104-104zm0 128a24 24 0 1 1 24-24 24 24 0 0 1-24 24zm0-272C119 8 8 119 8 256s111 248 248 248 248-111 248-248S393 8 256 8zm0 376a128 128 0 1 1 128-128 128 128 0 0 1-128 128z\"><\/path><\/svg>\t\t\t<\/div>\n\t\t<\/div>\n\t\t\t\t\t\t<\/div>\n\t\t\t\t<\/div>\n\t\t\t\t<div class=\"elementor-element elementor-element-c13b315 elementor-widget elementor-widget-heading\" data-id=\"c13b315\" data-element_type=\"widget\" data-e-type=\"widget\" data-widget_type=\"heading.default\">\n\t\t\t\t<div class=\"elementor-widget-container\">\n\t\t\t\t\t<h2 class=\"elementor-heading-title elementor-size-default\">OBJECTIF 2<\/h2>\t\t\t\t<\/div>\n\t\t\t\t<\/div>\n\t\t\t\t<div class=\"elementor-element elementor-element-7d88ad5 elementor-widget elementor-widget-text-editor\" data-id=\"7d88ad5\" data-element_type=\"widget\" data-e-type=\"widget\" data-widget_type=\"text-editor.default\">\n\t\t\t\t<div class=\"elementor-widget-container\">\n\t\t\t\t\t\t\t\t\tRenforcer les capacit\u00e9s d\u2019enseignement et de recherche des facult\u00e9s de droit africaines associ\u00e9es \u00e0 l\u2019Institut dans le domaine du droit international et du droit de l\u2019Union africaine.\t\t\t\t\t\t\t\t<\/div>\n\t\t\t\t<\/div>\n\t\t\t\t<\/div>\n\t\t<div class=\"elementor-element elementor-element-f1ca6e9 e-con-full e-flex e-con e-parent\" data-id=\"f1ca6e9\" data-element_type=\"container\" data-e-type=\"container\" data-settings=\"{&quot;background_background&quot;:&quot;classic&quot;}\">\n\t\t\t\t<div class=\"elementor-element elementor-element-6d661bc elementor-view-stacked elementor-shape-square elementor-widget elementor-widget-icon\" data-id=\"6d661bc\" data-element_type=\"widget\" data-e-type=\"widget\" data-widget_type=\"icon.default\">\n\t\t\t\t<div class=\"elementor-widget-container\">\n\t\t\t\t\t\t\t<div class=\"elementor-icon-wrapper\">\n\t\t\t<div class=\"elementor-icon\">\n\t\t\t<svg aria-hidden=\"true\" class=\"e-font-icon-svg e-fas-record-vinyl\" viewbox=\"0 0 512 512\" xmlns=\"http:\/\/www.w3.org\/2000\/svg\"><path d=\"M256 152a104 104 0 1 0 104 104 104 104 0 0 0-104-104zm0 128a24 24 0 1 1 24-24 24 24 0 0 1-24 24zm0-272C119 8 8 119 8 256s111 248 248 248 248-111 248-248S393 8 256 8zm0 376a128 128 0 1 1 128-128 128 128 0 0 1-128 128z\"><\/path><\/svg>\t\t\t<\/div>\n\t\t<\/div>\n\t\t\t\t\t\t<\/div>\n\t\t\t\t<\/div>\n\t\t\t\t<div class=\"elementor-element elementor-element-e348d9f elementor-widget elementor-widget-heading\" data-id=\"e348d9f\" data-element_type=\"widget\" data-e-type=\"widget\" data-widget_type=\"heading.default\">\n\t\t\t\t<div class=\"elementor-widget-container\">\n\t\t\t\t\t<h2 class=\"elementor-heading-title elementor-size-default\">OBJECTIF 3<\/h2>\t\t\t\t<\/div>\n\t\t\t\t<\/div>\n\t\t\t\t<div class=\"elementor-element elementor-element-9d3d601 elementor-widget elementor-widget-text-editor\" data-id=\"9d3d601\" data-element_type=\"widget\" data-e-type=\"widget\" data-widget_type=\"text-editor.default\">\n\t\t\t\t<div class=\"elementor-widget-container\">\n\t\t\t\t\t\t\t\t\tD\u00e9velopper les capacit\u00e9s des fonctionnaires des minist\u00e8res de la justice, du commerce et des affaires \u00e9trang\u00e8res, ainsi que d\u2019autres acteurs cl\u00e9s dans le domaine du r\u00e8glement des diff\u00e9rends et des n\u00e9gociations internationales.\t\t\t\t\t\t\t\t<\/div>\n\t\t\t\t<\/div>\n\t\t\t\t<\/div>\n\t\t\t\t\t<\/div>\n\t\t\t\t<\/div>\n\t\t<div class=\"elementor-element elementor-element-a95c76e e-flex e-con-boxed e-con e-parent\" data-id=\"a95c76e\" data-element_type=\"container\" data-e-type=\"container\">\n\t\t\t\t\t<div class=\"e-con-inner\">\n\t\t<div class=\"elementor-element elementor-element-a27cf86 e-con-full e-flex e-con e-parent\" data-id=\"a27cf86\" data-element_type=\"container\" data-e-type=\"container\" data-settings=\"{&quot;background_background&quot;:&quot;classic&quot;}\">\n\t\t\t\t<div class=\"elementor-element elementor-element-7c4bbee elementor-view-stacked elementor-shape-square elementor-widget elementor-widget-icon\" data-id=\"7c4bbee\" data-element_type=\"widget\" data-e-type=\"widget\" data-widget_type=\"icon.default\">\n\t\t\t\t<div class=\"elementor-widget-container\">\n\t\t\t\t\t\t\t<div class=\"elementor-icon-wrapper\">\n\t\t\t<div class=\"elementor-icon\">\n\t\t\t<svg aria-hidden=\"true\" class=\"e-font-icon-svg e-fas-record-vinyl\" viewbox=\"0 0 512 512\" xmlns=\"http:\/\/www.w3.org\/2000\/svg\"><path d=\"M256 152a104 104 0 1 0 104 104 104 104 0 0 0-104-104zm0 128a24 24 0 1 1 24-24 24 24 0 0 1-24 24zm0-272C119 8 8 119 8 256s111 248 248 248 248-111 248-248S393 8 256 8zm0 376a128 128 0 1 1 128-128 128 128 0 0 1-128 128z\"><\/path><\/svg>\t\t\t<\/div>\n\t\t<\/div>\n\t\t\t\t\t\t<\/div>\n\t\t\t\t<\/div>\n\t\t\t\t<div class=\"elementor-element elementor-element-06a9d9b elementor-widget elementor-widget-heading\" data-id=\"06a9d9b\" data-element_type=\"widget\" data-e-type=\"widget\" data-widget_type=\"heading.default\">\n\t\t\t\t<div class=\"elementor-widget-container\">\n\t\t\t\t\t<h2 class=\"elementor-heading-title elementor-size-default\">OBJECTIF 4<\/h2>\t\t\t\t<\/div>\n\t\t\t\t<\/div>\n\t\t\t\t<div class=\"elementor-element elementor-element-ee6b2f2 elementor-widget elementor-widget-text-editor\" data-id=\"ee6b2f2\" data-element_type=\"widget\" data-e-type=\"widget\" data-widget_type=\"text-editor.default\">\n\t\t\t\t<div class=\"elementor-widget-container\">\n\t\t\t\t\t\t\t\t\tContribuer \u00e0 des relations intergouvernementales plus stables et fond\u00e9es sur le droit au sein du continent en cr\u00e9ant un large r\u00e9servoir de comp\u00e9tences juridiques dans le domaine du droit international, du droit de l\u2019Union africaine et des organisations r\u00e9gionales.\t\t\t\t\t\t\t\t<\/div>\n\t\t\t\t<\/div>\n\t\t\t\t<\/div>\n\t\t<div class=\"elementor-element elementor-element-bfa912a e-con-full e-flex e-con e-parent\" data-id=\"bfa912a\" data-element_type=\"container\" data-e-type=\"container\" data-settings=\"{&quot;background_background&quot;:&quot;classic&quot;}\">\n\t\t\t\t<div class=\"elementor-element elementor-element-4e36403 elementor-view-stacked elementor-shape-square elementor-widget elementor-widget-icon\" data-id=\"4e36403\" data-element_type=\"widget\" data-e-type=\"widget\" data-widget_type=\"icon.default\">\n\t\t\t\t<div class=\"elementor-widget-container\">\n\t\t\t\t\t\t\t<div class=\"elementor-icon-wrapper\">\n\t\t\t<div class=\"elementor-icon\">\n\t\t\t<svg aria-hidden=\"true\" class=\"e-font-icon-svg e-fas-record-vinyl\" viewbox=\"0 0 512 512\" xmlns=\"http:\/\/www.w3.org\/2000\/svg\"><path d=\"M256 152a104 104 0 1 0 104 104 104 104 0 0 0-104-104zm0 128a24 24 0 1 1 24-24 24 24 0 0 1-24 24zm0-272C119 8 8 119 8 256s111 248 248 248 248-111 248-248S393 8 256 8zm0 376a128 128 0 1 1 128-128 128 128 0 0 1-128 128z\"><\/path><\/svg>\t\t\t<\/div>\n\t\t<\/div>\n\t\t\t\t\t\t<\/div>\n\t\t\t\t<\/div>\n\t\t\t\t<div class=\"elementor-element elementor-element-fd62b41 elementor-widget elementor-widget-heading\" data-id=\"fd62b41\" data-element_type=\"widget\" data-e-type=\"widget\" data-widget_type=\"heading.default\">\n\t\t\t\t<div class=\"elementor-widget-container\">\n\t\t\t\t\t<h2 class=\"elementor-heading-title elementor-size-default\">OBJECTIF 5<\/h2>\t\t\t\t<\/div>\n\t\t\t\t<\/div>\n\t\t\t\t<div class=\"elementor-element elementor-element-d9f15cd elementor-widget elementor-widget-text-editor\" data-id=\"d9f15cd\" data-element_type=\"widget\" data-e-type=\"widget\" data-widget_type=\"text-editor.default\">\n\t\t\t\t<div class=\"elementor-widget-container\">\n\t\t\t\t\t\t\t\t\tPromouvoir la publication et la recherche scientifiques sur les questions de droit international d\u2019int\u00e9r\u00eat pour l\u2019Afrique et offrir une plate-forme pour la diffusion large de ces travaux dans toutes les langues officielles de l\u2019Union africaine.\t\t\t\t\t\t\t\t<\/div>\n\t\t\t\t<\/div>\n\t\t\t\t<\/div>\n\t\t<div class=\"elementor-element elementor-element-4f2092d e-con-full e-flex e-con e-parent\" data-id=\"4f2092d\" data-element_type=\"container\" data-e-type=\"container\" data-settings=\"{&quot;background_background&quot;:&quot;classic&quot;}\">\n\t\t\t\t<div class=\"elementor-element elementor-element-a2c1d06 elementor-view-stacked elementor-shape-square elementor-widget elementor-widget-icon\" data-id=\"a2c1d06\" data-element_type=\"widget\" data-e-type=\"widget\" data-widget_type=\"icon.default\">\n\t\t\t\t<div class=\"elementor-widget-container\">\n\t\t\t\t\t\t\t<div class=\"elementor-icon-wrapper\">\n\t\t\t<div class=\"elementor-icon\">\n\t\t\t<svg aria-hidden=\"true\" class=\"e-font-icon-svg e-fas-record-vinyl\" viewbox=\"0 0 512 512\" xmlns=\"http:\/\/www.w3.org\/2000\/svg\"><path d=\"M256 152a104 104 0 1 0 104 104 104 104 0 0 0-104-104zm0 128a24 24 0 1 1 24-24 24 24 0 0 1-24 24zm0-272C119 8 8 119 8 256s111 248 248 248 248-111 248-248S393 8 256 8zm0 376a128 128 0 1 1 128-128 128 128 0 0 1-128 128z\"><\/path><\/svg>\t\t\t<\/div>\n\t\t<\/div>\n\t\t\t\t\t\t<\/div>\n\t\t\t\t<\/div>\n\t\t\t\t<div class=\"elementor-element elementor-element-8ffaaac elementor-widget elementor-widget-heading\" data-id=\"8ffaaac\" data-element_type=\"widget\" data-e-type=\"widget\" data-widget_type=\"heading.default\">\n\t\t\t\t<div class=\"elementor-widget-container\">\n\t\t\t\t\t<h2 class=\"elementor-heading-title elementor-size-default\">OBJECTIF 6<\/h2>\t\t\t\t<\/div>\n\t\t\t\t<\/div>\n\t\t\t\t<div class=\"elementor-element elementor-element-1a9f366 elementor-widget elementor-widget-text-editor\" data-id=\"1a9f366\" data-element_type=\"widget\" data-e-type=\"widget\" data-widget_type=\"text-editor.default\">\n\t\t\t\t<div class=\"elementor-widget-container\">\n\t\t\t\t\t\t\t\t\t\u00c9tablir des programmes de bourses pour les universitaires africains et non-africains engag\u00e9s dans des recherches sur des sujets pr\u00e9sentant un int\u00e9r\u00eat direct avec le droit international en Afrique ou les dimensions juridiques de l\u2019int\u00e9gration politique et \u00e9conomique entre les pays africains, en mettant la biblioth\u00e8que de l\u2019Institut \u00e0 leur disposition.\t\t\t\t\t\t\t\t<\/div>\n\t\t\t\t<\/div>\n\t\t\t\t<\/div>\n\t\t\t\t\t<\/div>\n\t\t\t\t<\/div>\n\t\t\t\t<\/div>","protected":false},"excerpt":{"rendered":"<p>The main objective of the Institute is to contribute towards a better knowledge of international law as a means of strengthening international peace and security and promoting friendly relations and cooperation among States. In addition, the Institute is meant to contribute to strengthening the rule of law both domestically and internationally within the African continent, [&hellip;]<\/p>\n","protected":false},"author":2,"featured_media":1115,"parent":0,"menu_order":0,"comment_status":"closed","ping_status":"closed","template":"","meta":{"_acf_changed":false,"footnotes":""},"class_list":["post-1106","page","type-page","status-publish","has-post-thumbnail","hentry"],"acf":[],"_links":{"self":[{"href":"https:\/\/aiil-iadi.org\/fr\/wp-json\/wp\/v2\/pages\/1106","targetHints":{"allow":["GET"]}}],"collection":[{"href":"https:\/\/aiil-iadi.org\/fr\/wp-json\/wp\/v2\/pages"}],"about":[{"href":"https:\/\/aiil-iadi.org\/fr\/wp-json\/wp\/v2\/types\/page"}],"author":[{"embeddable":true,"href":"https:\/\/aiil-iadi.org\/fr\/wp-json\/wp\/v2\/users\/2"}],"replies":[{"embeddable":true,"href":"https:\/\/aiil-iadi.org\/fr\/wp-json\/wp\/v2\/comments?post=1106"}],"version-history":[{"count":0,"href":"https:\/\/aiil-iadi.org\/fr\/wp-json\/wp\/v2\/pages\/1106\/revisions"}],"wp:featuredmedia":[{"embeddable":true,"href":"https:\/\/aiil-iadi.org\/fr\/wp-json\/wp\/v2\/media\/1115"}],"wp:attachment":[{"href":"https:\/\/aiil-iadi.org\/fr\/wp-json\/wp\/v2\/media?parent=1106"}],"curies":[{"name":"wp","href":"https:\/\/api.w.org\/{rel}","templated":true}]}}