{"id":1122,"date":"2022-12-15T18:24:04","date_gmt":"2022-12-15T18:24:04","guid":{"rendered":"https:\/\/atloncrest.com\/dev\/aiil-iadi\/?page_id=1122"},"modified":"2023-02-13T15:38:19","modified_gmt":"2023-02-13T15:38:19","slug":"vision-and-mission-statements","status":"publish","type":"page","link":"https:\/\/aiil-iadi.org\/fr\/vision-and-mission-statements\/","title":{"rendered":"VISION ET MISSION"},"content":{"rendered":"<div data-elementor-type=\"wp-page\" data-elementor-id=\"1122\" class=\"elementor elementor-1122\" data-elementor-post-type=\"page\">\n\t\t\t\t\t\t<section class=\"elementor-section elementor-top-section elementor-element elementor-element-7dc6da3 elementor-section-stretched elementor-section-boxed elementor-section-height-default elementor-section-height-default\" data-id=\"7dc6da3\" data-element_type=\"section\" data-e-type=\"section\" data-settings=\"{&quot;stretch_section&quot;:&quot;section-stretched&quot;,&quot;background_background&quot;:&quot;classic&quot;}\">\n\t\t\t\t\t\t<div class=\"elementor-container elementor-column-gap-default\">\n\t\t\t\t\t<div class=\"elementor-column elementor-col-100 elementor-top-column elementor-element elementor-element-e2c78a7\" data-id=\"e2c78a7\" data-element_type=\"column\" data-e-type=\"column\">\n\t\t\t<div class=\"elementor-widget-wrap elementor-element-populated\">\n\t\t\t\t<div class=\"elementor-element elementor-element-24543d7 e-con-full e-flex e-con e-parent\" data-id=\"24543d7\" data-element_type=\"container\" data-e-type=\"container\" data-settings=\"{&quot;background_background&quot;:&quot;classic&quot;}\">\n\t\t<div class=\"elementor-element elementor-element-11c7c00 e-con-full e-flex e-con e-parent\" data-id=\"11c7c00\" data-element_type=\"container\" data-e-type=\"container\">\n\t\t\t\t<div class=\"elementor-element elementor-element-0c86de4 elementor-widget__width-initial elementor-widget-divider--view-line elementor-widget elementor-widget-divider\" data-id=\"0c86de4\" data-element_type=\"widget\" data-e-type=\"widget\" data-widget_type=\"divider.default\">\n\t\t\t\t<div class=\"elementor-widget-container\">\n\t\t\t\t\t\t\t<div class=\"elementor-divider\">\n\t\t\t<span class=\"elementor-divider-separator\">\n\t\t\t\t\t\t<\/span>\n\t\t<\/div>\n\t\t\t\t\t\t<\/div>\n\t\t\t\t<\/div>\n\t\t\t\t<div class=\"elementor-element elementor-element-64fb66f elementor-widget elementor-widget-heading\" data-id=\"64fb66f\" data-element_type=\"widget\" data-e-type=\"widget\" data-widget_type=\"heading.default\">\n\t\t\t\t<div class=\"elementor-widget-container\">\n\t\t\t\t\t<h2 class=\"elementor-heading-title elementor-size-default\">VISION <\/h2>\t\t\t\t<\/div>\n\t\t\t\t<\/div>\n\t\t\t\t<div class=\"elementor-element elementor-element-e6da231 elementor-widget elementor-widget-text-editor\" data-id=\"e6da231\" data-element_type=\"widget\" data-e-type=\"widget\" data-widget_type=\"text-editor.default\">\n\t\t\t\t<div class=\"elementor-widget-container\">\n\t\t\t\t\t\t\t\t\t\u00catre le centre d'excellence pour la promotion de l'\u00c9tat de droit en Afrique et l'avancement d'une int\u00e9gration panafricaine fond\u00e9e sur des r\u00e8gles.\t\t\t\t\t\t\t\t<\/div>\n\t\t\t\t<\/div>\n\t\t\t\t<\/div>\n\t\t<div class=\"elementor-element elementor-element-28ad15d e-con-full e-flex e-con e-parent\" data-id=\"28ad15d\" data-element_type=\"container\" data-e-type=\"container\">\n\t\t\t\t<div class=\"elementor-element elementor-element-3bd5986 elementor-widget elementor-widget-image\" data-id=\"3bd5986\" data-element_type=\"widget\" data-e-type=\"widget\" data-widget_type=\"image.default\">\n\t\t\t\t<div class=\"elementor-widget-container\">\n\t\t\t\t\t\t\t\t\t\t\t\t\t\t\t<img fetchpriority=\"high\" decoding=\"async\" width=\"800\" height=\"534\" src=\"https:\/\/aiil-iadi.org\/wp-content\/uploads\/2022\/12\/Photo-by-Florentio-via-Iwaria.jpg\" class=\"attachment-large size-large wp-image-2069\" alt=\"\" srcset=\"https:\/\/aiil-iadi.org\/wp-content\/uploads\/2022\/12\/Photo-by-Florentio-via-Iwaria.jpg 1024w, https:\/\/aiil-iadi.org\/wp-content\/uploads\/2022\/12\/Photo-by-Florentio-via-Iwaria-300x200.jpg 300w, https:\/\/aiil-iadi.org\/wp-content\/uploads\/2022\/12\/Photo-by-Florentio-via-Iwaria-768x512.jpg 768w, https:\/\/aiil-iadi.org\/wp-content\/uploads\/2022\/12\/Photo-by-Florentio-via-Iwaria-18x12.jpg 18w\" sizes=\"(max-width: 800px) 100vw, 800px\" \/>\t\t\t\t\t\t\t\t\t\t\t\t\t\t\t<\/div>\n\t\t\t\t<\/div>\n\t\t\t\t<\/div>\n\t\t\t\t<\/div>\n\t\t\t\t\t<\/div>\n\t\t<\/div>\n\t\t\t\t\t<\/div>\n\t\t<\/section>\n\t\t\t\t<section class=\"elementor-section elementor-top-section elementor-element elementor-element-35609cc elementor-section-stretched elementor-section-boxed elementor-section-height-default elementor-section-height-default\" data-id=\"35609cc\" data-element_type=\"section\" data-e-type=\"section\" data-settings=\"{&quot;stretch_section&quot;:&quot;section-stretched&quot;,&quot;background_background&quot;:&quot;classic&quot;}\">\n\t\t\t\t\t\t<div class=\"elementor-container elementor-column-gap-default\">\n\t\t\t\t\t<div class=\"elementor-column elementor-col-100 elementor-top-column elementor-element elementor-element-ee12fd9\" data-id=\"ee12fd9\" data-element_type=\"column\" data-e-type=\"column\">\n\t\t\t<div class=\"elementor-widget-wrap elementor-element-populated\">\n\t\t\t\t<div class=\"elementor-element elementor-element-a1b08a6 e-con-full e-flex e-con e-parent\" data-id=\"a1b08a6\" data-element_type=\"container\" data-e-type=\"container\" data-settings=\"{&quot;background_background&quot;:&quot;classic&quot;}\">\n\t\t<div class=\"elementor-element elementor-element-1fbc990 e-con-full e-flex e-con e-parent\" data-id=\"1fbc990\" data-element_type=\"container\" data-e-type=\"container\">\n\t\t\t\t<div class=\"elementor-element elementor-element-432d45e elementor-widget elementor-widget-image\" data-id=\"432d45e\" data-element_type=\"widget\" data-e-type=\"widget\" data-widget_type=\"image.default\">\n\t\t\t\t<div class=\"elementor-widget-container\">\n\t\t\t\t\t\t\t\t\t\t\t\t\t\t\t<img decoding=\"async\" width=\"800\" height=\"534\" src=\"https:\/\/aiil-iadi.org\/wp-content\/uploads\/2022\/12\/flags.jpeg\" class=\"attachment-large size-large wp-image-269\" alt=\"\" srcset=\"https:\/\/aiil-iadi.org\/wp-content\/uploads\/2022\/12\/flags.jpeg 1024w, https:\/\/aiil-iadi.org\/wp-content\/uploads\/2022\/12\/flags-300x200.jpeg 300w, https:\/\/aiil-iadi.org\/wp-content\/uploads\/2022\/12\/flags-768x512.jpeg 768w\" sizes=\"(max-width: 800px) 100vw, 800px\" \/>\t\t\t\t\t\t\t\t\t\t\t\t\t\t\t<\/div>\n\t\t\t\t<\/div>\n\t\t\t\t<\/div>\n\t\t<div class=\"elementor-element elementor-element-b03d5c3 e-con-full e-flex e-con e-parent\" data-id=\"b03d5c3\" data-element_type=\"container\" data-e-type=\"container\">\n\t\t\t\t<div class=\"elementor-element elementor-element-10d8934 elementor-widget__width-initial elementor-widget-divider--view-line elementor-widget elementor-widget-divider\" data-id=\"10d8934\" data-element_type=\"widget\" data-e-type=\"widget\" data-widget_type=\"divider.default\">\n\t\t\t\t<div class=\"elementor-widget-container\">\n\t\t\t\t\t\t\t<div class=\"elementor-divider\">\n\t\t\t<span class=\"elementor-divider-separator\">\n\t\t\t\t\t\t<\/span>\n\t\t<\/div>\n\t\t\t\t\t\t<\/div>\n\t\t\t\t<\/div>\n\t\t\t\t<div class=\"elementor-element elementor-element-c4e471a elementor-widget elementor-widget-heading\" data-id=\"c4e471a\" data-element_type=\"widget\" data-e-type=\"widget\" data-widget_type=\"heading.default\">\n\t\t\t\t<div class=\"elementor-widget-container\">\n\t\t\t\t\t<h2 class=\"elementor-heading-title elementor-size-default\">MISSION <\/h2>\t\t\t\t<\/div>\n\t\t\t\t<\/div>\n\t\t\t\t<div class=\"elementor-element elementor-element-36d4f08 elementor-widget elementor-widget-text-editor\" data-id=\"36d4f08\" data-element_type=\"widget\" data-e-type=\"widget\" data-widget_type=\"text-editor.default\">\n\t\t\t\t<div class=\"elementor-widget-container\">\n\t\t\t\t\t\t\t\t\tSoutenir la consolidation de l'\u00c9tat de droit en Afrique et les progr\u00e8s d'une int\u00e9gration panafricaine fond\u00e9e sur des r\u00e8gles.\t\t\t\t\t\t\t\t<\/div>\n\t\t\t\t<\/div>\n\t\t\t\t<\/div>\n\t\t\t\t<\/div>\n\t\t\t\t\t<\/div>\n\t\t<\/div>\n\t\t\t\t\t<\/div>\n\t\t<\/section>\n\t\t\t\t<\/div>","protected":false},"excerpt":{"rendered":"<p>VISION \u00catre le centre d'excellence pour la promotion de l'\u00c9tat de droit en Afrique et l'avancement d'une int\u00e9gration panafricaine fond\u00e9e sur des r\u00e8gles MISSION Soutenir la consolidation de l'\u00c9tat de droit en Afrique et l'avancement d'une int\u00e9gration panafricaine fond\u00e9e sur des r\u00e8gles<\/p>","protected":false},"author":2,"featured_media":269,"parent":0,"menu_order":0,"comment_status":"closed","ping_status":"closed","template":"","meta":{"_acf_changed":false,"footnotes":""},"class_list":["post-1122","page","type-page","status-publish","has-post-thumbnail","hentry"],"acf":[],"_links":{"self":[{"href":"https:\/\/aiil-iadi.org\/fr\/wp-json\/wp\/v2\/pages\/1122","targetHints":{"allow":["GET"]}}],"collection":[{"href":"https:\/\/aiil-iadi.org\/fr\/wp-json\/wp\/v2\/pages"}],"about":[{"href":"https:\/\/aiil-iadi.org\/fr\/wp-json\/wp\/v2\/types\/page"}],"author":[{"embeddable":true,"href":"https:\/\/aiil-iadi.org\/fr\/wp-json\/wp\/v2\/users\/2"}],"replies":[{"embeddable":true,"href":"https:\/\/aiil-iadi.org\/fr\/wp-json\/wp\/v2\/comments?post=1122"}],"version-history":[{"count":0,"href":"https:\/\/aiil-iadi.org\/fr\/wp-json\/wp\/v2\/pages\/1122\/revisions"}],"wp:featuredmedia":[{"embeddable":true,"href":"https:\/\/aiil-iadi.org\/fr\/wp-json\/wp\/v2\/media\/269"}],"wp:attachment":[{"href":"https:\/\/aiil-iadi.org\/fr\/wp-json\/wp\/v2\/media?parent=1122"}],"curies":[{"name":"wp","href":"https:\/\/api.w.org\/{rel}","templated":true}]}}