{"id":1157,"date":"2022-12-15T18:46:17","date_gmt":"2022-12-15T18:46:17","guid":{"rendered":"https:\/\/atloncrest.com\/dev\/aiil-iadi\/?page_id=1157"},"modified":"2023-02-13T22:54:32","modified_gmt":"2023-02-13T22:54:32","slug":"statutes-of-the-african-institute-of-international-law","status":"publish","type":"page","link":"https:\/\/aiil-iadi.org\/fr\/statutes-of-the-african-institute-of-international-law\/","title":{"rendered":"STATUTS DE L'INSTITUT AFRICAIN DE DROIT INTERNATIONAL"},"content":{"rendered":"<div data-elementor-type=\"wp-page\" data-elementor-id=\"1157\" class=\"elementor elementor-1157\" data-elementor-post-type=\"page\">\n\t\t\t\t\t\t<section class=\"elementor-section elementor-top-section elementor-element elementor-element-53714dd elementor-section-boxed elementor-section-height-default elementor-section-height-default\" data-id=\"53714dd\" data-element_type=\"section\" data-e-type=\"section\">\n\t\t\t\t\t\t<div class=\"elementor-container elementor-column-gap-default\">\n\t\t\t\t\t<div class=\"elementor-column elementor-col-100 elementor-top-column elementor-element elementor-element-e3c1763\" data-id=\"e3c1763\" data-element_type=\"column\" data-e-type=\"column\">\n\t\t\t<div class=\"elementor-widget-wrap elementor-element-populated\">\n\t\t\t\t\t\t<div class=\"elementor-element elementor-element-443affc elementor-widget elementor-widget-text-editor\" data-id=\"443affc\" data-element_type=\"widget\" data-e-type=\"widget\" data-widget_type=\"text-editor.default\">\n\t\t\t\t<div class=\"elementor-widget-container\">\n\t\t\t\t\t\t\t\t\tL'Institut africain de droit international (ci-apr\u00e8s d\u00e9nomm\u00e9 \"l'Institut\") est cr\u00e9\u00e9 par la Fondation africaine de droit international, en coop\u00e9ration avec le gouvernement de la R\u00e9publique unie de Tanzanie, suite \u00e0 la d\u00e9cision prise par la Conf\u00e9rence des chefs d'\u00c9tat et de gouvernement de l'Union africaine lors de sa 18e session ordinaire (Assembly\/AU\/Dec.405(XVIII)).\t\t\t\t\t\t\t\t<\/div>\n\t\t\t\t<\/div>\n\t\t\t\t\t<\/div>\n\t\t<\/div>\n\t\t\t\t\t<\/div>\n\t\t<\/section>\n\t\t<div class=\"elementor-element elementor-element-6cc308b e-flex e-con-boxed e-con e-parent\" data-id=\"6cc308b\" data-element_type=\"container\" data-e-type=\"container\">\n\t\t\t\t\t<div class=\"e-con-inner\">\n\t\t\t\t<div class=\"elementor-element elementor-element-1ab2002 elementor-widget elementor-widget-image\" data-id=\"1ab2002\" data-element_type=\"widget\" data-e-type=\"widget\" data-widget_type=\"image.default\">\n\t\t\t\t<div class=\"elementor-widget-container\">\n\t\t\t\t\t\t\t\t\t\t\t\t\t\t\t<img fetchpriority=\"high\" decoding=\"async\" width=\"825\" height=\"1126\" src=\"https:\/\/aiil-iadi.org\/wp-content\/uploads\/2022\/12\/statutes.jpeg\" class=\"attachment-full size-full wp-image-1169\" alt=\"\" srcset=\"https:\/\/aiil-iadi.org\/wp-content\/uploads\/2022\/12\/statutes.jpeg 825w, https:\/\/aiil-iadi.org\/wp-content\/uploads\/2022\/12\/statutes-220x300.jpeg 220w, https:\/\/aiil-iadi.org\/wp-content\/uploads\/2022\/12\/statutes-750x1024.jpeg 750w, https:\/\/aiil-iadi.org\/wp-content\/uploads\/2022\/12\/statutes-768x1048.jpeg 768w\" sizes=\"(max-width: 825px) 100vw, 825px\" \/>\t\t\t\t\t\t\t\t\t\t\t\t\t\t\t<\/div>\n\t\t\t\t<\/div>\n\t\t\t\t<div class=\"elementor-element elementor-element-b464adf elementor-align-center elementor-widget elementor-widget-button\" data-id=\"b464adf\" data-element_type=\"widget\" data-e-type=\"widget\" data-widget_type=\"button.default\">\n\t\t\t\t<div class=\"elementor-widget-container\">\n\t\t\t\t\t\t\t\t\t<div class=\"elementor-button-wrapper\">\n\t\t\t\t\t<a class=\"elementor-button elementor-button-link elementor-size-sm\" href=\"https:\/\/aiil-iadi.org\/wp-content\/uploads\/2022\/12\/theAIILStatutes.pdf\">\n\t\t\t\t\t\t<span class=\"elementor-button-content-wrapper\">\n\t\t\t\t\t\t<span class=\"elementor-button-icon\">\n\t\t\t\t<svg aria-hidden=\"true\" class=\"e-font-icon-svg e-fas-download\" viewbox=\"0 0 512 512\" xmlns=\"http:\/\/www.w3.org\/2000\/svg\"><path d=\"M216 0h80c13.3 0 24 10.7 24 24v168h87.7c17.8 0 26.7 21.5 14.1 34.1L269.7 378.3c-7.5 7.5-19.8 7.5-27.3 0L90.1 226.1c-12.6-12.6-3.7-34.1 14.1-34.1H192V24c0-13.3 10.7-24 24-24zm296 376v112c0 13.3-10.7 24-24 24H24c-13.3 0-24-10.7-24-24V376c0-13.3 10.7-24 24-24h146.7l49 49c20.1 20.1 52.5 20.1 72.6 0l49-49H488c13.3 0 24 10.7 24 24zm-124 88c0-11-9-20-20-20s-20 9-20 20 9 20 20 20 20-9 20-20zm64 0c0-11-9-20-20-20s-20 9-20 20 9 20 20 20 20-9 20-20z\"><\/path><\/svg>\t\t\t<\/span>\n\t\t\t\t\t\t\t\t\t<span class=\"elementor-button-text\">T\u00e9l\u00e9charger<\/span>\n\t\t\t\t\t<\/span>\n\t\t\t\t\t<\/a>\n\t\t\t\t<\/div>\n\t\t\t\t\t\t\t\t<\/div>\n\t\t\t\t<\/div>\n\t\t\t\t\t<\/div>\n\t\t\t\t<\/div>\n\t\t\t\t<\/div>","protected":false},"excerpt":{"rendered":"<p>The African Institute of International Law (hereinafter referred to as \u201cthe Institute\u201d) is established by the African Foundation for International Law, in cooperation with the Government of the United Republic of Tanzania, following the decision taken by the Assembly of Heads of State and Government of the African Union at its 18th ordinary session (Assembly\/AU\/Dec.405(XVIII)). [&hellip;]<\/p>\n","protected":false},"author":2,"featured_media":2615,"parent":0,"menu_order":0,"comment_status":"closed","ping_status":"closed","template":"","meta":{"_acf_changed":false,"footnotes":""},"class_list":["post-1157","page","type-page","status-publish","has-post-thumbnail","hentry"],"acf":[],"_links":{"self":[{"href":"https:\/\/aiil-iadi.org\/fr\/wp-json\/wp\/v2\/pages\/1157","targetHints":{"allow":["GET"]}}],"collection":[{"href":"https:\/\/aiil-iadi.org\/fr\/wp-json\/wp\/v2\/pages"}],"about":[{"href":"https:\/\/aiil-iadi.org\/fr\/wp-json\/wp\/v2\/types\/page"}],"author":[{"embeddable":true,"href":"https:\/\/aiil-iadi.org\/fr\/wp-json\/wp\/v2\/users\/2"}],"replies":[{"embeddable":true,"href":"https:\/\/aiil-iadi.org\/fr\/wp-json\/wp\/v2\/comments?post=1157"}],"version-history":[{"count":0,"href":"https:\/\/aiil-iadi.org\/fr\/wp-json\/wp\/v2\/pages\/1157\/revisions"}],"wp:featuredmedia":[{"embeddable":true,"href":"https:\/\/aiil-iadi.org\/fr\/wp-json\/wp\/v2\/media\/2615"}],"wp:attachment":[{"href":"https:\/\/aiil-iadi.org\/fr\/wp-json\/wp\/v2\/media?parent=1157"}],"curies":[{"name":"wp","href":"https:\/\/api.w.org\/{rel}","templated":true}]}}