{"id":3765,"date":"2023-03-27T09:01:48","date_gmt":"2023-03-27T09:01:48","guid":{"rendered":"https:\/\/aiil-iadi.org\/?page_id=3765"},"modified":"2025-07-17T17:39:27","modified_gmt":"2025-07-17T17:39:27","slug":"african-law-series","status":"publish","type":"page","link":"https:\/\/aiil-iadi.org\/fr\/african-law-series\/","title":{"rendered":"S\u00c9RIE SUR LE DROIT AFRICAIN"},"content":{"rendered":"<div data-elementor-type=\"wp-page\" data-elementor-id=\"3765\" class=\"elementor elementor-3765\" data-elementor-post-type=\"page\">\n\t\t\t\t<div class=\"elementor-element elementor-element-c7b1071 e-flex e-con-boxed e-con e-parent\" data-id=\"c7b1071\" data-element_type=\"container\" data-e-type=\"container\">\n\t\t\t\t\t<div class=\"e-con-inner\">\n\t\t\t\t<div class=\"elementor-element elementor-element-2c1f997 elementor-widget elementor-widget-spacer\" data-id=\"2c1f997\" data-element_type=\"widget\" data-e-type=\"widget\" data-widget_type=\"spacer.default\">\n\t\t\t\t<div class=\"elementor-widget-container\">\n\t\t\t\t\t\t\t<div class=\"elementor-spacer\">\n\t\t\t<div class=\"elementor-spacer-inner\"><\/div>\n\t\t<\/div>\n\t\t\t\t\t\t<\/div>\n\t\t\t\t<\/div>\n\t\t\t\t<div class=\"elementor-element elementor-element-02ee006 elementor-widget elementor-widget-text-editor\" data-id=\"02ee006\" data-element_type=\"widget\" data-e-type=\"widget\" data-widget_type=\"text-editor.default\">\n\t\t\t\t<div class=\"elementor-widget-container\">\n\t\t\t\t\t\t\t\t\t<p>L'Institut africain de droit international a le plaisir d'annoncer la publication de l'African Law Series par Virginia Morris qui fournit la collection la plus compl\u00e8te d'instruments juridiques de l'Organisation de l'unit\u00e9 africaine et de l'Union africaine. Cette publication est conforme \u00e0 l'objectif g\u00e9n\u00e9ral de l'Institut africain et le met en \u0153uvre en promouvant \"la consolidation de l'\u00c9tat de droit et l'int\u00e9gration panafricaine fond\u00e9e sur des r\u00e8gles, sur la base d'une compr\u00e9hension et d'une application communes du droit international, du droit public de l'Afrique et du droit de l'Union africaine par les \u00c9tats africains\". Il est disponible gratuitement sur le site de l'AIIL pour un usage acad\u00e9mique et non commercial.<\/p>\t\t\t\t\t\t\t\t<\/div>\n\t\t\t\t<\/div>\n\t\t\t\t<div class=\"elementor-element elementor-element-34d8408 elementor-widget elementor-widget-text-editor\" data-id=\"34d8408\" data-element_type=\"widget\" data-e-type=\"widget\" data-widget_type=\"text-editor.default\">\n\t\t\t\t<div class=\"elementor-widget-container\">\n\t\t\t\t\t\t\t\t\t<p>La s\u00e9rie sur le droit africain a \u00e9t\u00e9 pr\u00e9par\u00e9e par Virginia Morris en coop\u00e9ration avec le Bureau du conseiller juridique de l'Union africaine. L'Union africaine a approuv\u00e9 la s\u00e9rie sur le droit africain en tant que contribution au th\u00e8me de l'ann\u00e9e 2024 de l'UA \"\u00c9duquer une Afrique adapt\u00e9e au 21e si\u00e8cle\" : Construire des syst\u00e8mes \u00e9ducatifs r\u00e9silients pour un acc\u00e8s accru \u00e0 un apprentissage inclusif, tout au long de la vie, de qualit\u00e9 et pertinent en Afrique.\" L'Union africaine a reconnu que cette publication est align\u00e9e sur ses objectifs strat\u00e9giques et qu'elle contribuera \u00e0 la r\u00e9alisation des objectifs de son projet.<\/p><p>La pr\u00e9paration des versions mises \u00e0 jour de la s\u00e9rie sur le droit africain et de la version fran\u00e7aise du manuel sur le droit africain est sujette \u00e0 un financement.<\/p><p>Faire un don<\/p><p>Cliquez sur : ajouter du texte <br \/>Veuillez contacter Virginia Morris<br \/>si vous \u00eates int\u00e9ress\u00e9 par<br \/>soutenir ce projet.<br \/>virginia.morris@africanlawseminar.org<\/p>\t\t\t\t\t\t\t\t<\/div>\n\t\t\t\t<\/div>\n\t\t\t\t\t<\/div>\n\t\t\t\t<\/div>\n\t\t<div class=\"elementor-element elementor-element-eb75b4c e-flex e-con-boxed e-con e-parent\" data-id=\"eb75b4c\" data-element_type=\"container\" data-e-type=\"container\">\n\t\t\t\t\t<div class=\"e-con-inner\">\n\t\t<div class=\"elementor-element elementor-element-33db747 e-con-full e-flex e-con e-child\" data-id=\"33db747\" data-element_type=\"container\" data-e-type=\"container\">\n\t\t<div class=\"elementor-element elementor-element-9a6598a e-con-full e-flex e-con e-child\" data-id=\"9a6598a\" data-element_type=\"container\" data-e-type=\"container\">\n\t\t\t\t<div class=\"elementor-element elementor-element-8171065 elementor-widget elementor-widget-image\" data-id=\"8171065\" data-element_type=\"widget\" data-e-type=\"widget\" data-widget_type=\"image.default\">\n\t\t\t\t<div class=\"elementor-widget-container\">\n\t\t\t\t\t\t\t\t\t\t\t\t\t\t\t<img decoding=\"async\" width=\"181\" height=\"222\" src=\"https:\/\/aiil-iadi.org\/wp-content\/uploads\/2023\/03\/AIIL-web-page-1-March-25.png\" class=\"attachment-large size-large wp-image-3760\" alt=\"\" srcset=\"https:\/\/aiil-iadi.org\/wp-content\/uploads\/2023\/03\/AIIL-web-page-1-March-25.png 181w, https:\/\/aiil-iadi.org\/wp-content\/uploads\/2023\/03\/AIIL-web-page-1-March-25-10x12.png 10w\" sizes=\"(max-width: 181px) 100vw, 181px\" \/>\t\t\t\t\t\t\t\t\t\t\t\t\t\t\t<\/div>\n\t\t\t\t<\/div>\n\t\t\t\t<\/div>\n\t\t<div class=\"elementor-element elementor-element-b88b2b4 e-con-full e-flex e-con e-child\" data-id=\"b88b2b4\" data-element_type=\"container\" data-e-type=\"container\">\n\t\t\t\t<div class=\"elementor-element elementor-element-ed6da3a elementor-widget elementor-widget-text-editor\" data-id=\"ed6da3a\" data-element_type=\"widget\" data-e-type=\"widget\" data-widget_type=\"text-editor.default\">\n\t\t\t\t<div class=\"elementor-widget-container\">\n\t\t\t\t\t\t\t\t\t<p><i><b>S\u00e9rie sur le droit africain<\/b><br \/><\/i>\u00a0 Virginia Morris<\/p><p><b><i>Manuel de droit africain<br \/><\/i><\/b>\u00a0 Avant-propos du juge Abdulqawi Ahmed Yusuf<br \/>\u00a0 Cour internationale de justice<\/p><p><b><i>Collection des trait\u00e9s africains<br \/><\/i><\/b>\u00a0 Avant-propos du professeur Vincent O. Nmehielle<br \/>\u00a0 Secr\u00e9taire g\u00e9n\u00e9ral, Groupe de la Banque africaine de d\u00e9veloppement<br \/>\u00a0 Ancien conseiller juridique de l'Union africaine<\/p><p><b><i>OUA : D\u00e9clarations, r\u00e9solutions et d\u00e9cisions<br \/><\/i><\/b>\u00a0 Avant-propos du professeur Dire D. Tladi<br \/>\u00a0 Universit\u00e9 de Pretoria<br \/>\u00a0 Ancien membre de la Commission du droit international des Nations unies<\/p><p><b><i>UA : D\u00e9clarations, r\u00e9solutions et d\u00e9cisions<br \/><\/i><\/b>\u00a0 Avant-propos du juge Ben Kioko<br \/>\u00a0 Juge, Cour africaine des droits de l'homme et des peuples<br \/>\u00a0 Ancien conseiller juridique de l'Union africaine<\/p>\t\t\t\t\t\t\t\t<\/div>\n\t\t\t\t<\/div>\n\t\t\t\t<\/div>\n\t\t\t\t<\/div>\n\t\t<div class=\"elementor-element elementor-element-436ad48 e-con-full e-flex e-con e-child\" data-id=\"436ad48\" data-element_type=\"container\" data-e-type=\"container\">\n\t\t\t\t<div class=\"elementor-element elementor-element-275ac24 elementor-widget elementor-widget-button\" data-id=\"275ac24\" data-element_type=\"widget\" data-e-type=\"widget\" data-widget_type=\"button.default\">\n\t\t\t\t<div class=\"elementor-widget-container\">\n\t\t\t\t\t\t\t\t\t<div class=\"elementor-button-wrapper\">\n\t\t\t\t\t<a class=\"elementor-button elementor-button-link elementor-size-sm\" href=\"https:\/\/aiil-iadi.org\/fr\/african-law-books\/\">\n\t\t\t\t\t\t<span class=\"elementor-button-content-wrapper\">\n\t\t\t\t\t\t\t\t\t<span class=\"elementor-button-text\">Voir les ressources<\/span>\n\t\t\t\t\t<\/span>\n\t\t\t\t\t<\/a>\n\t\t\t\t<\/div>\n\t\t\t\t\t\t\t\t<\/div>\n\t\t\t\t<\/div>\n\t\t\t\t<\/div>\n\t\t\t\t<div class=\"elementor-element elementor-element-8aa3a13 elementor-widget elementor-widget-spacer\" data-id=\"8aa3a13\" data-element_type=\"widget\" data-e-type=\"widget\" data-widget_type=\"spacer.default\">\n\t\t\t\t<div class=\"elementor-widget-container\">\n\t\t\t\t\t\t\t<div class=\"elementor-spacer\">\n\t\t\t<div class=\"elementor-spacer-inner\"><\/div>\n\t\t<\/div>\n\t\t\t\t\t\t<\/div>\n\t\t\t\t<\/div>\n\t\t\t\t\t<\/div>\n\t\t\t\t<\/div>\n\t\t<div class=\"elementor-element elementor-element-6aca880 e-flex e-con-boxed e-con e-parent\" data-id=\"6aca880\" data-element_type=\"container\" data-e-type=\"container\">\n\t\t\t\t\t<div class=\"e-con-inner\">\n\t\t<div class=\"elementor-element elementor-element-e9af078 e-con-full e-flex e-con e-child\" data-id=\"e9af078\" data-element_type=\"container\" data-e-type=\"container\">\n\t\t<div class=\"elementor-element elementor-element-2ee7c55 e-con-full e-flex e-con e-child\" data-id=\"2ee7c55\" data-element_type=\"container\" data-e-type=\"container\">\n\t\t\t\t<div class=\"elementor-element elementor-element-b9ef48f elementor-widget elementor-widget-image\" data-id=\"b9ef48f\" data-element_type=\"widget\" data-e-type=\"widget\" data-widget_type=\"image.default\">\n\t\t\t\t<div class=\"elementor-widget-container\">\n\t\t\t\t\t\t\t\t\t\t\t\t\t\t\t<img fetchpriority=\"high\" decoding=\"async\" width=\"375\" height=\"503\" src=\"https:\/\/aiil-iadi.org\/wp-content\/uploads\/2025\/07\/unnamed.png\" class=\"attachment-large size-large wp-image-4904\" alt=\"\" srcset=\"https:\/\/aiil-iadi.org\/wp-content\/uploads\/2025\/07\/unnamed.png 375w, https:\/\/aiil-iadi.org\/wp-content\/uploads\/2025\/07\/unnamed-224x300.png 224w, https:\/\/aiil-iadi.org\/wp-content\/uploads\/2025\/07\/unnamed-9x12.png 9w\" sizes=\"(max-width: 375px) 100vw, 375px\" \/>\t\t\t\t\t\t\t\t\t\t\t\t\t\t\t<\/div>\n\t\t\t\t<\/div>\n\t\t\t\t<\/div>\n\t\t<div class=\"elementor-element elementor-element-fff6ced e-con-full e-flex e-con e-child\" data-id=\"fff6ced\" data-element_type=\"container\" data-e-type=\"container\">\n\t\t\t\t<div class=\"elementor-element elementor-element-7b0fda7 elementor-widget elementor-widget-text-editor\" data-id=\"7b0fda7\" data-element_type=\"widget\" data-e-type=\"widget\" data-widget_type=\"text-editor.default\">\n\t\t\t\t<div class=\"elementor-widget-container\">\n\t\t\t\t\t\t\t\t\t<p><strong><i>Droit p\u00e9nal international<\/i>\u00a0<\/strong><\/p><p><em>Virginia Morris<\/em><\/p><p><em>Michael P. Scharf<\/em><\/p><p>Livre 1<\/p><p><strong><i>Droit p\u00e9nal international<\/i>\u00a0<\/strong><\/p><p><em>Virginia Morris<\/em><\/p><p><em>Michael P. Scharf<\/em><\/p><p>Livre 2<\/p>\t\t\t\t\t\t\t\t<\/div>\n\t\t\t\t<\/div>\n\t\t\t\t<\/div>\n\t\t\t\t<\/div>\n\t\t<div class=\"elementor-element elementor-element-ac87a85 e-con-full e-flex e-con e-child\" data-id=\"ac87a85\" data-element_type=\"container\" data-e-type=\"container\">\n\t\t\t\t<div class=\"elementor-element elementor-element-f1825c4 elementor-widget elementor-widget-button\" data-id=\"f1825c4\" data-element_type=\"widget\" data-e-type=\"widget\" data-widget_type=\"button.default\">\n\t\t\t\t<div class=\"elementor-widget-container\">\n\t\t\t\t\t\t\t\t\t<div class=\"elementor-button-wrapper\">\n\t\t\t\t\t<a class=\"elementor-button elementor-button-link elementor-size-sm\" href=\"#\">\n\t\t\t\t\t\t<span class=\"elementor-button-content-wrapper\">\n\t\t\t\t\t\t\t\t\t<span class=\"elementor-button-text\">Voir les ressources<\/span>\n\t\t\t\t\t<\/span>\n\t\t\t\t\t<\/a>\n\t\t\t\t<\/div>\n\t\t\t\t\t\t\t\t<\/div>\n\t\t\t\t<\/div>\n\t\t\t\t<\/div>\n\t\t\t\t<div class=\"elementor-element elementor-element-0c3642a elementor-widget elementor-widget-spacer\" data-id=\"0c3642a\" data-element_type=\"widget\" data-e-type=\"widget\" data-widget_type=\"spacer.default\">\n\t\t\t\t<div class=\"elementor-widget-container\">\n\t\t\t\t\t\t\t<div class=\"elementor-spacer\">\n\t\t\t<div class=\"elementor-spacer-inner\"><\/div>\n\t\t<\/div>\n\t\t\t\t\t\t<\/div>\n\t\t\t\t<\/div>\n\t\t\t\t\t<\/div>\n\t\t\t\t<\/div>\n\t\t<div class=\"elementor-element elementor-element-78335d3 e-flex e-con-boxed e-con e-parent\" data-id=\"78335d3\" data-element_type=\"container\" data-e-type=\"container\">\n\t\t\t\t\t<div class=\"e-con-inner\">\n\t\t<div class=\"elementor-element elementor-element-55dceca e-con-full e-flex e-con e-child\" data-id=\"55dceca\" data-element_type=\"container\" data-e-type=\"container\">\n\t\t<div class=\"elementor-element elementor-element-5ae802e e-con-full e-flex e-con e-child\" data-id=\"5ae802e\" data-element_type=\"container\" data-e-type=\"container\">\n\t\t\t\t<div class=\"elementor-element elementor-element-4c334c8 elementor-widget elementor-widget-image\" data-id=\"4c334c8\" data-element_type=\"widget\" data-e-type=\"widget\" data-widget_type=\"image.default\">\n\t\t\t\t<div class=\"elementor-widget-container\">\n\t\t\t\t\t\t\t\t\t\t\t\t\t\t\t<img decoding=\"async\" width=\"334\" height=\"512\" src=\"https:\/\/aiil-iadi.org\/wp-content\/uploads\/2025\/07\/unnamed-1.png\" class=\"attachment-large size-large wp-image-4909\" alt=\"\" srcset=\"https:\/\/aiil-iadi.org\/wp-content\/uploads\/2025\/07\/unnamed-1.png 334w, https:\/\/aiil-iadi.org\/wp-content\/uploads\/2025\/07\/unnamed-1-196x300.png 196w, https:\/\/aiil-iadi.org\/wp-content\/uploads\/2025\/07\/unnamed-1-8x12.png 8w\" sizes=\"(max-width: 334px) 100vw, 334px\" \/>\t\t\t\t\t\t\t\t\t\t\t\t\t\t\t<\/div>\n\t\t\t\t<\/div>\n\t\t\t\t<\/div>\n\t\t<div class=\"elementor-element elementor-element-eb8829f e-con-full e-flex e-con e-child\" data-id=\"eb8829f\" data-element_type=\"container\" data-e-type=\"container\">\n\t\t\t\t<div class=\"elementor-element elementor-element-de2a5cf elementor-widget elementor-widget-text-editor\" data-id=\"de2a5cf\" data-element_type=\"widget\" data-e-type=\"widget\" data-widget_type=\"text-editor.default\">\n\t\t\t\t<div class=\"elementor-widget-container\">\n\t\t\t\t\t\t\t\t\t<p><\/p><\/div><\/div><\/div><\/div><\/div><\/div><\/div> <a href=\"https:\/\/aiil-iadi.org\/fr\/african-law-series\/#more-3765\" class=\"more-link elementor-more-link\"><span aria-label=\"Poursuivre la lecture AFRICAN LAW SERIES\">(plus...)<\/span><\/a>","protected":false},"excerpt":{"rendered":"<p>The African Institute of International Law is pleased to announce the publication of the African Law Series by Virginia Morris which provides the most comprehensive collection of legal instruments of the Organization of African Unity and the African Union. This publication is consistent with and implements the overall objective of the African Institute by promoting [&hellip;]<\/p>\n","protected":false},"author":2,"featured_media":4157,"parent":0,"menu_order":0,"comment_status":"closed","ping_status":"closed","template":"","meta":{"_acf_changed":false,"footnotes":""},"class_list":["post-3765","page","type-page","status-publish","has-post-thumbnail","hentry"],"acf":[],"_links":{"self":[{"href":"https:\/\/aiil-iadi.org\/fr\/wp-json\/wp\/v2\/pages\/3765","targetHints":{"allow":["GET"]}}],"collection":[{"href":"https:\/\/aiil-iadi.org\/fr\/wp-json\/wp\/v2\/pages"}],"about":[{"href":"https:\/\/aiil-iadi.org\/fr\/wp-json\/wp\/v2\/types\/page"}],"author":[{"embeddable":true,"href":"https:\/\/aiil-iadi.org\/fr\/wp-json\/wp\/v2\/users\/2"}],"replies":[{"embeddable":true,"href":"https:\/\/aiil-iadi.org\/fr\/wp-json\/wp\/v2\/comments?post=3765"}],"version-history":[{"count":20,"href":"https:\/\/aiil-iadi.org\/fr\/wp-json\/wp\/v2\/pages\/3765\/revisions"}],"predecessor-version":[{"id":4919,"href":"https:\/\/aiil-iadi.org\/fr\/wp-json\/wp\/v2\/pages\/3765\/revisions\/4919"}],"wp:featuredmedia":[{"embeddable":true,"href":"https:\/\/aiil-iadi.org\/fr\/wp-json\/wp\/v2\/media\/4157"}],"wp:attachment":[{"href":"https:\/\/aiil-iadi.org\/fr\/wp-json\/wp\/v2\/media?parent=3765"}],"curies":[{"name":"wp","href":"https:\/\/api.w.org\/{rel}","templated":true}]}}