{"id":4058,"date":"2023-04-27T11:22:40","date_gmt":"2023-04-27T11:22:40","guid":{"rendered":"https:\/\/aiil-iadi.org\/donation-failed\/"},"modified":"2023-04-27T11:22:40","modified_gmt":"2023-04-27T11:22:40","slug":"donation-failed","status":"publish","type":"page","link":"https:\/\/aiil-iadi.org\/fr\/donation-failed\/","title":{"rendered":"\u00c9chec du don"},"content":{"rendered":"<p>Nous&#039;sommes d\u00e9sol\u00e9s, votre don n'a pas \u00e9t\u00e9 trait\u00e9. Veuillez r\u00e9essayer ou contacter l'assistance du site.<\/p>","protected":false},"excerpt":{"rendered":"<p>Nous&#039;sommes d\u00e9sol\u00e9s, votre don n'a pas \u00e9t\u00e9 trait\u00e9. Veuillez r\u00e9essayer ou contacter l'assistance du site.<\/p>","protected":false},"author":1,"featured_media":0,"parent":0,"menu_order":0,"comment_status":"closed","ping_status":"closed","template":"","meta":{"_acf_changed":false,"footnotes":""},"class_list":["post-4058","page","type-page","status-publish","hentry"],"acf":[],"_links":{"self":[{"href":"https:\/\/aiil-iadi.org\/fr\/wp-json\/wp\/v2\/pages\/4058","targetHints":{"allow":["GET"]}}],"collection":[{"href":"https:\/\/aiil-iadi.org\/fr\/wp-json\/wp\/v2\/pages"}],"about":[{"href":"https:\/\/aiil-iadi.org\/fr\/wp-json\/wp\/v2\/types\/page"}],"author":[{"embeddable":true,"href":"https:\/\/aiil-iadi.org\/fr\/wp-json\/wp\/v2\/users\/1"}],"replies":[{"embeddable":true,"href":"https:\/\/aiil-iadi.org\/fr\/wp-json\/wp\/v2\/comments?post=4058"}],"version-history":[{"count":0,"href":"https:\/\/aiil-iadi.org\/fr\/wp-json\/wp\/v2\/pages\/4058\/revisions"}],"wp:attachment":[{"href":"https:\/\/aiil-iadi.org\/fr\/wp-json\/wp\/v2\/media?parent=4058"}],"curies":[{"name":"wp","href":"https:\/\/api.w.org\/{rel}","templated":true}]}}