{"id":4203,"date":"2023-08-23T19:16:18","date_gmt":"2023-08-23T19:16:18","guid":{"rendered":"https:\/\/aiil-iadi.org\/?page_id=4203"},"modified":"2025-07-17T17:16:41","modified_gmt":"2025-07-17T17:16:41","slug":"projects","status":"publish","type":"page","link":"https:\/\/aiil-iadi.org\/fr\/projects\/","title":{"rendered":"Projets"},"content":{"rendered":"<div data-elementor-type=\"wp-page\" data-elementor-id=\"4203\" class=\"elementor elementor-4203\" data-elementor-post-type=\"page\">\n\t\t\t\t<div class=\"elementor-element elementor-element-df1d54c e-con-full e-flex e-con e-parent\" data-id=\"df1d54c\" data-element_type=\"container\" data-e-type=\"container\">\n\t\t\t\t<div class=\"elementor-element elementor-element-d21752f elementor-widget elementor-widget-spacer\" data-id=\"d21752f\" data-element_type=\"widget\" data-e-type=\"widget\" data-widget_type=\"spacer.default\">\n\t\t\t\t<div class=\"elementor-widget-container\">\n\t\t\t\t\t\t\t<div class=\"elementor-spacer\">\n\t\t\t<div class=\"elementor-spacer-inner\"><\/div>\n\t\t<\/div>\n\t\t\t\t\t\t<\/div>\n\t\t\t\t<\/div>\n\t\t\t\t<div class=\"elementor-element elementor-element-c3e5c81 elementor-widget elementor-widget-heading\" data-id=\"c3e5c81\" data-element_type=\"widget\" data-e-type=\"widget\" data-widget_type=\"heading.default\">\n\t\t\t\t<div class=\"elementor-widget-container\">\n\t\t\t\t\t<h2 class=\"elementor-heading-title elementor-size-default\">Projet des facult\u00e9s de droit des universit\u00e9s africaines<\/h2>\t\t\t\t<\/div>\n\t\t\t\t<\/div>\n\t\t\t\t<div class=\"elementor-element elementor-element-2eeef08 elementor-widget elementor-widget-text-editor\" data-id=\"2eeef08\" data-element_type=\"widget\" data-e-type=\"widget\" data-widget_type=\"text-editor.default\">\n\t\t\t\t<div class=\"elementor-widget-container\">\n\t\t\t\t\t\t\t\t\t<p><strong>Juge Fatsah Ouguergouz, Virginia Morris et participants<\/strong><br \/><strong>Cours r\u00e9gional de droit international des Nations unies pour l'Afrique<\/strong><br \/><strong>Commission \u00e9conomique des Nations unies pour l'Afrique, Addis-Abeba, \u00c9thiopie<\/strong><\/p>\t\t\t\t\t\t\t\t<\/div>\n\t\t\t\t<\/div>\n\t\t\t\t<div class=\"elementor-element elementor-element-cea26ee elementor-widget elementor-widget-text-editor\" data-id=\"cea26ee\" data-element_type=\"widget\" data-e-type=\"widget\" data-widget_type=\"text-editor.default\">\n\t\t\t\t<div class=\"elementor-widget-container\">\n\t\t\t\t\t\t\t\t\t<p>Le projet des \u00e9coles de droit africaines a \u00e9t\u00e9 lanc\u00e9 par Virginia Morris en partenariat avec l'Institut africain de droit international afin de renforcer la capacit\u00e9 des \u00e9tablissements universitaires \u00e0 enseigner le droit de l'Union africaine n\u00e9cessaire au d\u00e9veloppement de l'Afrique et \u00e0 la r\u00e9alisation des objectifs de l'Union africaine en fournissant la collection la plus compl\u00e8te des instruments juridiques adopt\u00e9s par l'Organisation de l'unit\u00e9 africaine et l'Union africaine.<\/p><p>Le projet des \u00e9coles de droit africaines vise \u00e0 combler le foss\u00e9 num\u00e9rique qui existe dans de nombreux pays africains en fournissant des copies papier de la s\u00e9rie sur le droit africain qui est disponible en ligne gratuitement, mais qui n'est pas facilement accessible en Afrique en raison de l'acc\u00e8s limit\u00e9 \u00e0 un Internet fiable et abordable. L'Union africaine a not\u00e9 avec inqui\u00e9tude que moins de 20% des Africains sont en ligne et que le co\u00fbt moyen de la ligne fixe et de l'internet mobile d\u00e9passe 50% du revenu moyen par habitant (Assembly\/AU\/Decl.3 (XXX)).<\/p><p>L'Union africaine a approuv\u00e9 le projet d'\u00e9coles de droit africaines en tant que contribution au th\u00e8me de l'ann\u00e9e 2024 de l'UA \"\u00c9duquer une Afrique adapt\u00e9e au 21e si\u00e8cle\" : Construire des syst\u00e8mes \u00e9ducatifs r\u00e9silients pour un acc\u00e8s accru \u00e0 un apprentissage inclusif, tout au long de la vie, de qualit\u00e9 et pertinent en Afrique.\" L'Union africaine a reconnu que ce projet est align\u00e9 sur ses objectifs strat\u00e9giques et qu'il contribuera \u00e0 la r\u00e9alisation de ses objectifs.<\/p><p>Le projet des facult\u00e9s de droit africaines comprend des facult\u00e9s de droit dans 30 pays des 5 r\u00e9gions d'Afrique, dont 18 des 32 pays les moins avanc\u00e9s (PMA) situ\u00e9s en Afrique.<\/p><p>La poursuite du projet est soumise \u00e0 l'obtention d'un financement.<\/p><p>Faire un don<\/p><p>Cliquez sur : ajouter du texte\u00a0<\/p><p>Veuillez contacter Virginia Morris<\/p><p>si vous \u00eates int\u00e9ress\u00e9 par<\/p><p>soutenir ce projet.<\/p><p>virginia.morris@africanlawseminar.org<\/p><div>\u00a0<\/div>\t\t\t\t\t\t\t\t<\/div>\n\t\t\t\t<\/div>\n\t\t\t\t<div class=\"elementor-element elementor-element-d29b394 elementor-widget elementor-widget-text-editor\" data-id=\"d29b394\" data-element_type=\"widget\" data-e-type=\"widget\" data-widget_type=\"text-editor.default\">\n\t\t\t\t<div class=\"elementor-widget-container\">\n\t\t\t\t\t\t\t\t\t<p><b style=\"color: inherit; font-family: inherit; font-style: var( --e-global-typography-text-font-style ); letter-spacing: var( --e-global-typography-text-letter-spacing ); text-transform: var( --e-global-typography-text-text-transform ); font-size: 1.75rem; text-align: center; background-color: var( --e-global-color-100d932f );\">Liste des facult\u00e9s de droit pour le projet pilote<\/b><\/p><p><strong>\u00a0<\/strong><\/p><h5>Angola<\/h5><p>- Universit\u00e9 de Bwila<\/p><p>\u00a0<\/p><h5>Botswana<\/h5><p>- Universit\u00e9 du Botswana<\/p><p>\u00a0<\/p><h5>Burundi<\/h5><p>- Universit\u00e9 du Burundi<\/p><p>- Universit\u00e9 du Lac Tanganyika<\/p><p>- Universit\u00e9 Martin Luther King<\/p><p>\u00a0<\/p><h5>Cameroun<\/h5><p>- Universit\u00e9 de Doula<\/p><p>\u00a0<\/p><h5>Djibouti<\/h5><p>- Universit\u00e9 de Djibouti<\/p><p>\u00a0<\/p><h5>\u00c9gypte<\/h5><p>- Universit\u00e9 Al-Azhar<\/p><p>\u00a0<\/p><h5>Erythr\u00e9e<\/h5><p>- Coll\u00e8ge des arts et des sciences sociales<\/p><p>\u00a0<\/p><h5>Eswatini<\/h5><p>- Universit\u00e9 d'Eswatini<\/p><p>\u00a0<\/p><h5>\u00c9thiopie<\/h5><p>- Universit\u00e9 d'Addis-Abeba<\/p><p>\u00a0<\/p><h5>Gambie<\/h5><p>- Universit\u00e9 internationale ouverte de Gambie<\/p><p>\u00a0<\/p><h5>Ghana<\/h5><p>- Universit\u00e9 du Ghana<\/p><p>\u00a0<\/p><h5>Kenya<\/h5><p>- Universit\u00e9 presbyt\u00e9rienne d'Afrique de l'Est<\/p><p>\u00a0<\/p><h5>Lesotho<\/h5><p>- Universit\u00e9 nationale du Lesotho<\/p><p>\u00a0<\/p><h5>Lib\u00e9ria<\/h5><p>- Universit\u00e9 du Liberia<\/p><p>\u00a0<\/p><h5>Malawi<\/h5><p>- Universit\u00e9 du Malawi<\/p><p>\u00a0<\/p><h5>Maurice<\/h5><p>- Universit\u00e9 de Maurice<\/p><p>\u00a0<\/p><h5>Mozambique<\/h5><p>- Universit\u00e9 Eduardo Mondlane<\/p><p>\u00a0<\/p><h5>Namibie<\/h5><p>- Universit\u00e9 de Namibie<\/p><p>\u00a0<\/p><h5>Nig\u00e9ria<\/h5><p>- Universit\u00e9 de Lagos<\/p><p>\u00a0<\/p><h5>Rwanda<\/h5><p>- Universit\u00e9 ind\u00e9pendante de Kigali<\/p><p>\u00a0<\/p><h5>Sierra Leone<\/h5><p>- Universit\u00e9 de Sierra Leone<\/p><p>\u00a0<\/p><h5>Somalie<\/h5><p>- Universit\u00e9 Simad<\/p><p>\u00a0<\/p><h5>Afrique du Sud<\/h5><p>- Universit\u00e9 du Nord-Ouest<\/p><p>- Universit\u00e9 de Pretoria<\/p><p>\u00a0<\/p><h5>Sud Soudan<\/h5><p>- Universit\u00e9 de Juba<\/p><p>\u00a0<\/p><h5>Soudan<\/h5><p>- Universit\u00e9 de Khartoum<\/p><p>\u00a0<\/p><h5>Tanzanie<\/h5><p>- Universit\u00e9 de Dar Es Salaam<\/p><p>- Universit\u00e9 d'Iringa<\/p><p>- Universit\u00e9 Saint-Augustin<\/p><p>\u00a0<\/p><h5>Tunisie<\/h5><p>- Universit\u00e9 de Carthage<\/p><p>\u00a0<\/p><h5>Ouganda<\/h5><p>-Universit\u00e9 de Makerere<\/p><p>\u00a0<\/p><h5>Zambie<\/h5><p>- Universit\u00e9 de Zambie<\/p><p>\u00a0<\/p><h5>Zimbabwe<\/h5><p>- Universit\u00e9 d'\u00c9tat des Midlands<\/p>\t\t\t\t\t\t\t\t<\/div>\n\t\t\t\t<\/div>\n\t\t\t\t<div class=\"elementor-element elementor-element-441db4a elementor-widget elementor-widget-spacer\" data-id=\"441db4a\" data-element_type=\"widget\" data-e-type=\"widget\" data-widget_type=\"spacer.default\">\n\t\t\t\t<div class=\"elementor-widget-container\">\n\t\t\t\t\t\t\t<div class=\"elementor-spacer\">\n\t\t\t<div class=\"elementor-spacer-inner\"><\/div>\n\t\t<\/div>\n\t\t\t\t\t\t<\/div>\n\t\t\t\t<\/div>\n\t\t\t\t<\/div>\n\t\t\t\t<\/div>","protected":false},"excerpt":{"rendered":"<p>African Law Schools Project Judge Fatsah Ouguergouz, Virginia Morris and ParticipantsUnited Nations Regional Course in International Law for AfricaUN Economic Commission for Africa, Addis Ababa, Ethiopia The African Law Schools Project was initiated by Virginia Morris in partnership with the African Institute of International Law to strengthen the capacity of academic institutions to teach African [&hellip;]<\/p>\n","protected":false},"author":7,"featured_media":4437,"parent":0,"menu_order":0,"comment_status":"closed","ping_status":"closed","template":"","meta":{"_acf_changed":false,"footnotes":""},"class_list":["post-4203","page","type-page","status-publish","has-post-thumbnail","hentry"],"acf":[],"_links":{"self":[{"href":"https:\/\/aiil-iadi.org\/fr\/wp-json\/wp\/v2\/pages\/4203","targetHints":{"allow":["GET"]}}],"collection":[{"href":"https:\/\/aiil-iadi.org\/fr\/wp-json\/wp\/v2\/pages"}],"about":[{"href":"https:\/\/aiil-iadi.org\/fr\/wp-json\/wp\/v2\/types\/page"}],"author":[{"embeddable":true,"href":"https:\/\/aiil-iadi.org\/fr\/wp-json\/wp\/v2\/users\/7"}],"replies":[{"embeddable":true,"href":"https:\/\/aiil-iadi.org\/fr\/wp-json\/wp\/v2\/comments?post=4203"}],"version-history":[{"count":13,"href":"https:\/\/aiil-iadi.org\/fr\/wp-json\/wp\/v2\/pages\/4203\/revisions"}],"predecessor-version":[{"id":4897,"href":"https:\/\/aiil-iadi.org\/fr\/wp-json\/wp\/v2\/pages\/4203\/revisions\/4897"}],"wp:featuredmedia":[{"embeddable":true,"href":"https:\/\/aiil-iadi.org\/fr\/wp-json\/wp\/v2\/media\/4437"}],"wp:attachment":[{"href":"https:\/\/aiil-iadi.org\/fr\/wp-json\/wp\/v2\/media?parent=4203"}],"curies":[{"name":"wp","href":"https:\/\/api.w.org\/{rel}","templated":true}]}}