{"id":4920,"date":"2025-07-23T14:54:07","date_gmt":"2025-07-23T14:54:07","guid":{"rendered":"https:\/\/aiil-iadi.org\/?page_id=4920"},"modified":"2025-07-23T15:03:07","modified_gmt":"2025-07-23T15:03:07","slug":"african-law-seminar","status":"publish","type":"page","link":"https:\/\/aiil-iadi.org\/fr\/african-law-seminar\/","title":{"rendered":"S\u00e9minaire de droit africain"},"content":{"rendered":"<div data-elementor-type=\"wp-page\" data-elementor-id=\"4920\" class=\"elementor elementor-4920\" data-elementor-post-type=\"page\">\n\t\t\t\t<div class=\"elementor-element elementor-element-df1d54c e-con-full e-flex e-con e-parent\" data-id=\"df1d54c\" data-element_type=\"container\" data-e-type=\"container\">\n\t\t\t\t<div class=\"elementor-element elementor-element-d21752f elementor-widget elementor-widget-spacer\" data-id=\"d21752f\" data-element_type=\"widget\" data-e-type=\"widget\" data-widget_type=\"spacer.default\">\n\t\t\t\t<div class=\"elementor-widget-container\">\n\t\t\t\t\t\t\t<div class=\"elementor-spacer\">\n\t\t\t<div class=\"elementor-spacer-inner\"><\/div>\n\t\t<\/div>\n\t\t\t\t\t\t<\/div>\n\t\t\t\t<\/div>\n\t\t\t\t<div class=\"elementor-element elementor-element-2eeef08 elementor-widget elementor-widget-text-editor\" data-id=\"2eeef08\" data-element_type=\"widget\" data-e-type=\"widget\" data-widget_type=\"text-editor.default\">\n\t\t\t\t<div class=\"elementor-widget-container\">\n\t\t\t\t\t\t\t\t\t<p><b>Juge Abdulqawi Yusuf, Virginia Morris et participants<\/b><\/p><p><b>Cours r\u00e9gional de droit international des Nations unies pour l'Afrique<\/b><\/p><p><b>Commission \u00e9conomique des Nations unies pour l'Afrique, Addis-Abeba, \u00c9thiopie<\/b><\/p>\t\t\t\t\t\t\t\t<\/div>\n\t\t\t\t<\/div>\n\t\t\t\t<div class=\"elementor-element elementor-element-cea26ee elementor-widget elementor-widget-text-editor\" data-id=\"cea26ee\" data-element_type=\"widget\" data-e-type=\"widget\" data-widget_type=\"text-editor.default\">\n\t\t\t\t<div class=\"elementor-widget-container\">\n\t\t\t\t\t\t\t\t\t<p>Le s\u00e9minaire de droit africain est un programme de formation en ligne lanc\u00e9 par Virginia Morris pour offrir une formation de haute qualit\u00e9 en droit international et en droit de l'Union africaine, dispens\u00e9e par des universitaires, des juristes et des praticiens de premier plan, n\u00e9cessaire au d\u00e9veloppement de l'Afrique et \u00e0 la r\u00e9alisation des objectifs de l'Union africaine. Le s\u00e9minaire de droit africain est ouvert gratuitement \u00e0 tous les juristes et \u00e9tudiants en droit africains.<\/p><p>Le s\u00e9minaire de droit africain est organis\u00e9 par l'Institut africain de droit international, en coop\u00e9ration avec le Bureau du conseiller juridique de l'Union africaine et le Bureau des affaires juridiques des Nations unies, Division de la codification, dans le cadre du Programme d'assistance des Nations unies pour l'enseignement, l'\u00e9tude, la diffusion et une compr\u00e9hension plus large du droit international.<\/p><p>L'Union africaine a approuv\u00e9 le s\u00e9minaire sur le droit africain en tant que contribution au th\u00e8me de l'ann\u00e9e 2024 de l'UA \"\u00c9duquer une Afrique adapt\u00e9e au 21e si\u00e8cle\" : Construire des syst\u00e8mes \u00e9ducatifs r\u00e9silients pour un acc\u00e8s accru \u00e0 un apprentissage inclusif, tout au long de la vie, de qualit\u00e9 et pertinent en Afrique.\" L'Union africaine a reconnu que le s\u00e9minaire sur le droit africain est align\u00e9 sur ses objectifs strat\u00e9giques et qu'il contribuera \u00e0 la r\u00e9alisation des objectifs de son projet.<\/p><p>La poursuite du s\u00e9minaire est soumise \u00e0 l'obtention d'un financement.<\/p><p>Faire un don<\/p><p>Cliquez sur : ajouter du texte <br \/>Veuillez contacter Virginia Morris<br \/>si vous \u00eates int\u00e9ress\u00e9 par<br \/>soutenir ce projet.<br \/>virginia.morris@africanlawseminar.org<\/p>\t\t\t\t\t\t\t\t<\/div>\n\t\t\t\t<\/div>\n\t\t\t\t<div class=\"elementor-element elementor-element-441db4a elementor-widget elementor-widget-spacer\" data-id=\"441db4a\" data-element_type=\"widget\" data-e-type=\"widget\" data-widget_type=\"spacer.default\">\n\t\t\t\t<div class=\"elementor-widget-container\">\n\t\t\t\t\t\t\t<div class=\"elementor-spacer\">\n\t\t\t<div class=\"elementor-spacer-inner\"><\/div>\n\t\t<\/div>\n\t\t\t\t\t\t<\/div>\n\t\t\t\t<\/div>\n\t\t\t\t<div class=\"elementor-element elementor-element-8311c44 elementor-widget elementor-widget-text-editor\" data-id=\"8311c44\" data-element_type=\"widget\" data-e-type=\"widget\" data-widget_type=\"text-editor.default\">\n\t\t\t\t<div class=\"elementor-widget-container\">\n\t\t\t\t\t\t\t\t\t<p><b>Former un Africain apte \u00e0 pratiquer le droit au 21\u00e8me si\u00e8cle<\/b><\/p><p><b>28 et 29 avril 2025.<\/b><\/p>\t\t\t\t\t\t\t\t<\/div>\n\t\t\t\t<\/div>\n\t\t\t\t<div class=\"elementor-element elementor-element-4286329 elementor-widget elementor-widget-text-editor\" data-id=\"4286329\" data-element_type=\"widget\" data-e-type=\"widget\" data-widget_type=\"text-editor.default\">\n\t\t\t\t<div class=\"elementor-widget-container\">\n\t\t\t\t\t\t\t\t\t<p><span style=\"font-weight: 400;\">Vid\u00e9o du 1er jour <\/span> <span style=\"font-weight: 400;\">Virginia Morris : Mod\u00e9ratrice (Photo)<\/span><\/p><p><span style=\"font-weight: 400;\">Professeur Gueldich : Panafricanisme et introduction \u00e0 l'Union africaine (Photo)<\/span><\/p><p><span style=\"font-weight: 400;\">Juge Yusuf : Droit public de l'Afrique (Photo)<\/span><\/p><p>\u00a0<\/p><p><span style=\"font-weight: 400;\">Vid\u00e9o du deuxi\u00e8me jour<\/span> <span style=\"font-weight: 400;\">Virginia Morris : Mod\u00e9ratrice (Photo)<\/span><\/p><p><span style=\"font-weight: 400;\">Professeur Gueldich : D\u00e9fis juridiques actuels (Photo)<\/span><\/p>\t\t\t\t\t\t\t\t<\/div>\n\t\t\t\t<\/div>\n\t\t\t\t<div class=\"elementor-element elementor-element-e9fcf17 elementor-widget elementor-widget-text-editor\" data-id=\"e9fcf17\" data-element_type=\"widget\" data-e-type=\"widget\" data-widget_type=\"text-editor.default\">\n\t\t\t\t<div class=\"elementor-widget-container\">\n\t\t\t\t\t\t\t\t\t<p><span style=\"font-weight: 400;\">Plus de 1 700 participants de 70 institutions acad\u00e9miques de 30 pays africains dans les 5 r\u00e9gions ont assist\u00e9 au premier s\u00e9minaire : <\/span><b>Angola<\/b><span style=\"font-weight: 400;\"> (Universit\u00e9 Katyavala BWILA), <\/span><b>Botswana<\/b><span style=\"font-weight: 400;\"> (Universit\u00e9 du Botswana), <\/span><b>Burundi<\/b><span style=\"font-weight: 400;\"> (Universit\u00e9 du lac Tanganyika), <\/span><b>Cameroun<\/b><span style=\"font-weight: 400;\"> (Universit\u00e9 de Buea, Universit\u00e9 de Douala, Universit\u00e9 de Dschang, Universit\u00e9 d'Ebolowa, Universit\u00e9 de Garoua, Universit\u00e9 de Yaound\u00e9 II), <\/span><b>Djibouti<\/b><span style=\"font-weight: 400;\"> (Universit\u00e9 de Djibouti), <\/span><b>\u00c9gypte<\/b><span style=\"font-weight: 400;\"> (Universit\u00e9 Ain Shams, Universit\u00e9 Al-Azhar (Le Caire, Damanhour), Universit\u00e9 d'Alexandrie, Acad\u00e9mie arabe des sciences, des technologies et du transport maritime, Universit\u00e9 d'Assouan, Universit\u00e9 Beni Suef, Universit\u00e9 britannique en Egypte, Universit\u00e9 du Caire, Universit\u00e9 Fayoum, Universit\u00e9 Helwan, Universit\u00e9 Menoufiya, Universit\u00e9 Mansoura, Universit\u00e9 Tanta, Universit\u00e9 de Sadat City), <\/span><b>Erythr\u00e9e<\/b><span style=\"font-weight: 400;\"> (Coll\u00e8ge Adi-Keih), <\/span><b>Eswatini <\/b><span style=\"font-weight: 400;\">(Universit\u00e9 d'Eswatini), <\/span><b>\u00c9thiopie <\/b><span style=\"font-weight: 400;\">(Universit\u00e9 d'Addis-Abeba, Universit\u00e9 de Gondar), <\/span><b>Gambie <\/b><span style=\"font-weight: 400;\">(\u00c9cole de droit de Gambie, Universit\u00e9 ouverte internationale), <\/span><b>Ghana <\/b><span style=\"font-weight: 400;\">(Central University, Ghana School of Law, Gimpa Law School, University of Ghana, University of Cape Coast, University of Professional Studies), <\/span><b>Kenya<\/b><span style=\"font-weight: 400;\"> (Universit\u00e9 Egerton, Universit\u00e9 Kenyatta, Universit\u00e9 Strathmore, Universit\u00e9 de Nairobi (<\/span><span style=\"font-weight: 400;\">Kisumu<\/span><span style=\"font-weight: 400;\">Mombasa et Nairobi), <\/span><b>Lesotho<\/b><span style=\"font-weight: 400;\"> (Universit\u00e9 nationale du Lesotho), <\/span><b>Lib\u00e9ria<\/b><span style=\"font-weight: 400;\"> (\u00c9cole de droit Louis Arthur Grimes), <\/span><b>Malawi<\/b><span style=\"font-weight: 400;\"> (Universit\u00e9 du Malawi), <\/span><b>Maurice<\/b><span style=\"font-weight: 400;\"> (Universit\u00e9 de Middlesex, Universit\u00e9 de Maurice), <\/span><b>Mozambique<\/b><span style=\"font-weight: 400;\"> (Universit\u00e9 Eduardo Mondlane), <\/span><b>Namibie<\/b><span style=\"font-weight: 400;\"> (Universit\u00e9 de Namibie), <\/span><b>Nig\u00e9ria<\/b><span style=\"font-weight: 400;\"> (Universit\u00e9 de Lagos), <\/span><b>Rwanda<\/b><span style=\"font-weight: 400;\"> (Universit\u00e9 ind\u00e9pendante de Kigali), <\/span><b>Sierra Leone<\/b><span style=\"font-weight: 400;\"> (Universit\u00e9 de Makeni), <\/span><b>Somalie<\/b><span style=\"font-weight: 400;\"> (City University of Somalia, Simad University, Somali National University), <\/span><b>Afrique du Sud<\/b><span style=\"font-weight: 400;\"> (Universit\u00e9 de Pretoria), <\/span><b>Sud Soudan<\/b><span style=\"font-weight: 400;\"> (Universit\u00e9 de Juba), <\/span><b>Soudan<\/b><span style=\"font-weight: 400;\"> (Universit\u00e9 de Khartoum), <\/span><b>Tanzanie<\/b><span style=\"font-weight: 400;\"> (Universit\u00e9 de Dar es Salaam, East African Think Tank Association, Universit\u00e9 Saint Augustin, Universit\u00e9 d'Arusha, Universit\u00e9 d'Iringa), <\/span><b>Tunisie<\/b><span style=\"font-weight: 400;\"> (Universit\u00e9 de Carthage), <\/span><b>Ouganda<\/b><span style=\"font-weight: 400;\"> (Universit\u00e9 de Makere), <\/span><b>Zambie<\/b><span style=\"font-weight: 400;\"> (Universit\u00e9 de Zambie), <\/span><b>Zimbabwe<\/b><span style=\"font-weight: 400;\"> (\u00c9cole de droit Herbert Chitepo, Universit\u00e9 d'\u00c9tat des Midlands).<\/span><\/p><p>\u00a0<\/p><p><span style=\"font-weight: 400;\">Des participants des minist\u00e8res du Ghana (minist\u00e8re des affaires \u00e9trang\u00e8res) et du Liberia (minist\u00e8re des affaires \u00e9trang\u00e8res, minist\u00e8re de la justice, commission de la r\u00e9forme l\u00e9gislative, bureau de la guerre et tribunal des crimes \u00e9conomiques) \u00e9taient \u00e9galement pr\u00e9sents.<\/span><\/p><p>\u00a0<\/p><p><span style=\"font-weight: 400;\">Au total, 1 749 participants ont assist\u00e9 au premier s\u00e9minaire.<\/span><\/p>\t\t\t\t\t\t\t\t<\/div>\n\t\t\t\t<\/div>\n\t\t\t\t<\/div>\n\t\t\t\t<\/div>","protected":false},"excerpt":{"rendered":"<p>Judge Abdulqawi Yusuf, Virginia Morris and Participants United Nations Regional Course in International Law for Africa UN Economic Commission for Africa, Addis Ababa, Ethiopi The African Law Seminar is an online training program initiated by Virginia Morris to provide high quality International Law and African Union Law education by leading scholars, jurists and practitioners needed [&hellip;]<\/p>\n","protected":false},"author":7,"featured_media":4437,"parent":0,"menu_order":0,"comment_status":"closed","ping_status":"closed","template":"","meta":{"_acf_changed":false,"footnotes":""},"class_list":["post-4920","page","type-page","status-publish","has-post-thumbnail","hentry"],"acf":[],"_links":{"self":[{"href":"https:\/\/aiil-iadi.org\/fr\/wp-json\/wp\/v2\/pages\/4920","targetHints":{"allow":["GET"]}}],"collection":[{"href":"https:\/\/aiil-iadi.org\/fr\/wp-json\/wp\/v2\/pages"}],"about":[{"href":"https:\/\/aiil-iadi.org\/fr\/wp-json\/wp\/v2\/types\/page"}],"author":[{"embeddable":true,"href":"https:\/\/aiil-iadi.org\/fr\/wp-json\/wp\/v2\/users\/7"}],"replies":[{"embeddable":true,"href":"https:\/\/aiil-iadi.org\/fr\/wp-json\/wp\/v2\/comments?post=4920"}],"version-history":[{"count":7,"href":"https:\/\/aiil-iadi.org\/fr\/wp-json\/wp\/v2\/pages\/4920\/revisions"}],"predecessor-version":[{"id":4927,"href":"https:\/\/aiil-iadi.org\/fr\/wp-json\/wp\/v2\/pages\/4920\/revisions\/4927"}],"wp:featuredmedia":[{"embeddable":true,"href":"https:\/\/aiil-iadi.org\/fr\/wp-json\/wp\/v2\/media\/4437"}],"wp:attachment":[{"href":"https:\/\/aiil-iadi.org\/fr\/wp-json\/wp\/v2\/media?parent=4920"}],"curies":[{"name":"wp","href":"https:\/\/api.w.org\/{rel}","templated":true}]}}