{"id":4929,"date":"2025-07-23T15:07:44","date_gmt":"2025-07-23T15:07:44","guid":{"rendered":"https:\/\/aiil-iadi.org\/?page_id=4929"},"modified":"2025-07-23T15:09:41","modified_gmt":"2025-07-23T15:09:41","slug":"international-law-seminar-for-african-universities","status":"publish","type":"page","link":"https:\/\/aiil-iadi.org\/fr\/international-law-seminar-for-african-universities\/","title":{"rendered":"S\u00e9minaire de droit international pour les universit\u00e9s africaines"},"content":{"rendered":"<div data-elementor-type=\"wp-page\" data-elementor-id=\"4929\" class=\"elementor elementor-4929\" data-elementor-post-type=\"page\">\n\t\t\t\t<div class=\"elementor-element elementor-element-df1d54c e-con-full e-flex e-con e-parent\" data-id=\"df1d54c\" data-element_type=\"container\" data-e-type=\"container\">\n\t\t\t\t<div class=\"elementor-element elementor-element-d21752f elementor-widget elementor-widget-spacer\" data-id=\"d21752f\" data-element_type=\"widget\" data-e-type=\"widget\" data-widget_type=\"spacer.default\">\n\t\t\t\t<div class=\"elementor-widget-container\">\n\t\t\t\t\t\t\t<div class=\"elementor-spacer\">\n\t\t\t<div class=\"elementor-spacer-inner\"><\/div>\n\t\t<\/div>\n\t\t\t\t\t\t<\/div>\n\t\t\t\t<\/div>\n\t\t\t\t<div class=\"elementor-element elementor-element-2eeef08 elementor-widget elementor-widget-text-editor\" data-id=\"2eeef08\" data-element_type=\"widget\" data-e-type=\"widget\" data-widget_type=\"text-editor.default\">\n\t\t\t\t<div class=\"elementor-widget-container\">\n\t\t\t\t\t\t\t\t\t<p><b>Virginia Morris avec les invit\u00e9s de marque et les participants<\/b><\/p><p><b>S\u00e9minaire de droit international des Nations unies pour les universit\u00e9s africaines 2016<\/b><\/p><p><b>Centre international Kofi Annan de formation au maintien de la paix, Accra, Ghana<\/b><\/p>\t\t\t\t\t\t\t\t<\/div>\n\t\t\t\t<\/div>\n\t\t\t\t<div class=\"elementor-element elementor-element-cea26ee elementor-widget elementor-widget-text-editor\" data-id=\"cea26ee\" data-element_type=\"widget\" data-e-type=\"widget\" data-widget_type=\"text-editor.default\">\n\t\t\t\t<div class=\"elementor-widget-container\">\n\t\t\t\t\t\t\t\t\t<p><span style=\"font-weight: 400;\">Le s\u00e9minaire de droit international pour les universit\u00e9s africaines a \u00e9t\u00e9 organis\u00e9 par l'Institut africain de droit international, en coop\u00e9ration avec l'Union africaine et la Division de la codification du Bureau des affaires juridiques des Nations unies, pour marquer le cinquanti\u00e8me anniversaire de la cr\u00e9ation du Programme d'assistance des Nations unies pour l'enseignement, l'\u00e9tude, la diffusion et une compr\u00e9hension plus large du droit international en 1965, propos\u00e9 par l'ambassadeur Emmanuel K. Dadzie du Ghana. L'objectif fondamental du s\u00e9minaire est de renforcer les capacit\u00e9s des institutions universitaires africaines en mati\u00e8re d'enseignement du droit international, ce qui est n\u00e9cessaire au d\u00e9veloppement et \u00e0 la promotion de l'\u00c9tat de droit en Afrique.<\/span><\/p><p>\u00a0<\/p><p><span style=\"font-weight: 400;\">Les 30 participants, issus d'universit\u00e9s de 19 pays africains, ont assist\u00e9 aux conf\u00e9rences suivantes : <\/span><span style=\"font-weight: 400;\">\"Introduction au droit international\" (Professeur Sean Murphy) ; <\/span><span style=\"font-weight: 400;\">Droit et institutions de l'Union africaine (<\/span><span style=\"font-weight: 400;\">Professeur Adelardus Kilangi<\/span><span style=\"font-weight: 400;\">) ; droit international des droits de l'homme et droit africain des droits de l'homme (Professeur Obiora C. Okafor), droit international humanitaire et droit p\u00e9nal international (<\/span><span style=\"font-weight: 400;\">Brigadier Kevin Riordan)<\/span><span style=\"font-weight: 400;\">et l'int\u00e9gration r\u00e9gionale, le droit du commerce international et de l'investissement (Professeur Makane Mbengue).<\/span> <span style=\"font-weight: 400;\">Le s\u00e9minaire a \u00e9t\u00e9 financ\u00e9 par des contributions volontaires de l'Union africaine ($20 000), de la Chine ($20 000), de la Finlande ($20 000), de l'Italie ($20 000), de la Nouvelle-Z\u00e9lande ($NZ 30 000) et de la Su\u00e8de ($25 000).\u00a0<\/span><\/p><p>\u00a0<\/p><p><span style=\"font-weight: 400;\">L'Assembl\u00e9e g\u00e9n\u00e9rale a r\u00e9affirm\u00e9 le mandat et encourag\u00e9 les \u00c9tats membres \u00e0 verser des contributions volontaires pour financer le s\u00e9minaire en 2017, 2024 et 2025 (r\u00e9solutions 71\/139, <\/span><span style=\"font-weight: 400;\">78\/107 et 79\/120<\/span><span style=\"font-weight: 400;\">). Le s\u00e9minaire n'a pas eu lieu faute de financement.<\/span><\/p><p>\u00a0<\/p><p><span style=\"font-weight: 400;\">Faire un don<\/span><\/p><p>\u00a0<\/p><p><span style=\"font-weight: 400;\">Cliquez sur : ajouter du texte<\/span><\/p><p><span style=\"font-weight: 400;\">Veuillez contacter Virginia Morris<\/span><\/p><p><span style=\"font-weight: 400;\">si vous \u00eates int\u00e9ress\u00e9 par\u00a0<\/span><\/p><p><span style=\"font-weight: 400;\">soutenir ce projet.<\/span><\/p><p><span style=\"font-weight: 400;\">virginia.morris@africanlawseminar.org<\/span><\/p>\t\t\t\t\t\t\t\t<\/div>\n\t\t\t\t<\/div>\n\t\t\t\t<div class=\"elementor-element elementor-element-441db4a elementor-widget elementor-widget-spacer\" data-id=\"441db4a\" data-element_type=\"widget\" data-e-type=\"widget\" data-widget_type=\"spacer.default\">\n\t\t\t\t<div class=\"elementor-widget-container\">\n\t\t\t\t\t\t\t<div class=\"elementor-spacer\">\n\t\t\t<div class=\"elementor-spacer-inner\"><\/div>\n\t\t<\/div>\n\t\t\t\t\t\t<\/div>\n\t\t\t\t<\/div>\n\t\t\t\t<\/div>\n\t\t\t\t<\/div>","protected":false},"excerpt":{"rendered":"<p>Virginia Morris with Distinguished Guests and Participants United Nations International Law Seminar for African Universities 2016 Kofi Annan International Peacekeeping Training Centre, Accra, Ghana The International Law Seminar for African Universities was conducted by the African Institute of International Law, in cooperation with the African Union and the Codification Division of the United Nations Office [&hellip;]<\/p>\n","protected":false},"author":7,"featured_media":4437,"parent":0,"menu_order":0,"comment_status":"closed","ping_status":"closed","template":"","meta":{"_acf_changed":false,"footnotes":""},"class_list":["post-4929","page","type-page","status-publish","has-post-thumbnail","hentry"],"acf":[],"_links":{"self":[{"href":"https:\/\/aiil-iadi.org\/fr\/wp-json\/wp\/v2\/pages\/4929","targetHints":{"allow":["GET"]}}],"collection":[{"href":"https:\/\/aiil-iadi.org\/fr\/wp-json\/wp\/v2\/pages"}],"about":[{"href":"https:\/\/aiil-iadi.org\/fr\/wp-json\/wp\/v2\/types\/page"}],"author":[{"embeddable":true,"href":"https:\/\/aiil-iadi.org\/fr\/wp-json\/wp\/v2\/users\/7"}],"replies":[{"embeddable":true,"href":"https:\/\/aiil-iadi.org\/fr\/wp-json\/wp\/v2\/comments?post=4929"}],"version-history":[{"count":5,"href":"https:\/\/aiil-iadi.org\/fr\/wp-json\/wp\/v2\/pages\/4929\/revisions"}],"predecessor-version":[{"id":4936,"href":"https:\/\/aiil-iadi.org\/fr\/wp-json\/wp\/v2\/pages\/4929\/revisions\/4936"}],"wp:featuredmedia":[{"embeddable":true,"href":"https:\/\/aiil-iadi.org\/fr\/wp-json\/wp\/v2\/media\/4437"}],"wp:attachment":[{"href":"https:\/\/aiil-iadi.org\/fr\/wp-json\/wp\/v2\/media?parent=4929"}],"curies":[{"name":"wp","href":"https:\/\/api.w.org\/{rel}","templated":true}]}}