{"id":4953,"date":"2025-11-08T05:53:20","date_gmt":"2025-11-08T05:53:20","guid":{"rendered":"https:\/\/aiil-iadi.org\/?page_id=4953"},"modified":"2026-01-08T15:50:53","modified_gmt":"2026-01-08T15:50:53","slug":"kilimanjaro-summer-academy-application-form-2026","status":"publish","type":"page","link":"https:\/\/aiil-iadi.org\/fr\/kilimanjaro-summer-academy-application-form-2026\/","title":{"rendered":"Acad\u00e9mie d'\u00e9t\u00e9 du Kilimandjaro - Formulaire de candidature 2026"},"content":{"rendered":"\t\t<div data-elementor-type=\"wp-page\" data-elementor-id=\"4953\" class=\"elementor elementor-4953\" data-elementor-post-type=\"page\">\n\t\t\t\t<div class=\"elementor-element elementor-element-b215554 e-flex e-con-boxed e-con e-parent\" data-id=\"b215554\" data-element_type=\"container\" data-e-type=\"container\">\n\t\t\t\t\t<div class=\"e-con-inner\">\n\t\t\t\t<div class=\"elementor-element elementor-element-50e8dbc elementor-widget elementor-widget-spacer\" data-id=\"50e8dbc\" data-element_type=\"widget\" data-e-type=\"widget\" data-widget_type=\"spacer.default\">\n\t\t\t\t<div class=\"elementor-widget-container\">\n\t\t\t\t\t\t\t<div class=\"elementor-spacer\">\n\t\t\t<div class=\"elementor-spacer-inner\"><\/div>\n\t\t<\/div>\n\t\t\t\t\t\t<\/div>\n\t\t\t\t<\/div>\n\t\t\t\t<div class=\"elementor-element elementor-element-1a258c2 elementor-button-align-center elementor-widget elementor-widget-form\" data-id=\"1a258c2\" data-element_type=\"widget\" data-e-type=\"widget\" data-settings=\"{&quot;step_next_label&quot;:&quot;Next&quot;,&quot;step_previous_label&quot;:&quot;Previous&quot;,&quot;button_width&quot;:&quot;100&quot;,&quot;step_type&quot;:&quot;number_text&quot;,&quot;step_icon_shape&quot;:&quot;circle&quot;}\" data-widget_type=\"form.default\">\n\t\t\t\t<div class=\"elementor-widget-container\">\n\t\t\t\t\t\t\t<form class=\"elementor-form\" method=\"post\" name=\"Kilimanjaro Summer Academy Application Form\" aria-label=\"Kilimanjaro Summer Academy Application Form\">\n\t\t\t<input type=\"hidden\" name=\"post_id\" value=\"4953\"\/>\n\t\t\t<input type=\"hidden\" name=\"form_id\" value=\"1a258c2\"\/>\n\t\t\t<input type=\"hidden\" name=\"referer_title\" value=\"\" \/>\n\n\t\t\t\n\t\t\t<div class=\"elementor-form-fields-wrapper elementor-labels-above\">\n\t\t\t\t\t\t\t\t<div class=\"elementor-field-type-html elementor-field-group elementor-column elementor-field-group-name elementor-col-100\">\n\t\t\t\t\t<h2>Personal Information<\/h2><br>\t\t\t\t<\/div>\n\t\t\t\t\t\t\t\t<div class=\"elementor-field-type-text elementor-field-group elementor-column elementor-field-group-field_77d7e49 elementor-col-33 elementor-field-required elementor-mark-required\">\n\t\t\t\t\t\t\t\t\t\t\t\t<label for=\"form-field-field_77d7e49\" class=\"elementor-field-label\">\n\t\t\t\t\t\t\t\tFirst Name\t\t\t\t\t\t\t<\/label>\n\t\t\t\t\t\t\t\t\t\t\t\t\t\t<input size=\"1\" type=\"text\" name=\"form_fields[field_77d7e49]\" id=\"form-field-field_77d7e49\" class=\"elementor-field elementor-size-md  elementor-field-textual\" placeholder=\"Enter First Name\" required=\"required\">\n\t\t\t\t\t\t\t\t\t\t\t<\/div>\n\t\t\t\t\t\t\t\t<div class=\"elementor-field-type-text elementor-field-group elementor-column elementor-field-group-field_1ee5fb8 elementor-col-33 elementor-field-required elementor-mark-required\">\n\t\t\t\t\t\t\t\t\t\t\t\t<label for=\"form-field-field_1ee5fb8\" class=\"elementor-field-label\">\n\t\t\t\t\t\t\t\tMiddle Name\t\t\t\t\t\t\t<\/label>\n\t\t\t\t\t\t\t\t\t\t\t\t\t\t<input size=\"1\" type=\"text\" name=\"form_fields[field_1ee5fb8]\" id=\"form-field-field_1ee5fb8\" class=\"elementor-field elementor-size-md  elementor-field-textual\" placeholder=\"Enter Middle Name\" required=\"required\">\n\t\t\t\t\t\t\t\t\t\t\t<\/div>\n\t\t\t\t\t\t\t\t<div class=\"elementor-field-type-text elementor-field-group elementor-column elementor-field-group-field_a4919dd elementor-col-33 elementor-field-required elementor-mark-required\">\n\t\t\t\t\t\t\t\t\t\t\t\t<label for=\"form-field-field_a4919dd\" class=\"elementor-field-label\">\n\t\t\t\t\t\t\t\tLast Name\t\t\t\t\t\t\t<\/label>\n\t\t\t\t\t\t\t\t\t\t\t\t\t\t<input size=\"1\" type=\"text\" name=\"form_fields[field_a4919dd]\" id=\"form-field-field_a4919dd\" class=\"elementor-field elementor-size-md  elementor-field-textual\" placeholder=\"Enter Last Name\" required=\"required\">\n\t\t\t\t\t\t\t\t\t\t\t<\/div>\n\t\t\t\t\t\t\t\t<div class=\"elementor-field-type-text elementor-field-group elementor-column elementor-field-group-field_6a0f004 elementor-col-33 elementor-field-required elementor-mark-required\">\n\t\t\t\t\t\t\t\t\t\t\t\t<label for=\"form-field-field_6a0f004\" class=\"elementor-field-label\">\n\t\t\t\t\t\t\t\tBirth Date\t\t\t\t\t\t\t<\/label>\n\t\t\t\t\t\t\t\t\t\t\t\t\t\t<input size=\"1\" type=\"text\" name=\"form_fields[field_6a0f004]\" id=\"form-field-field_6a0f004\" class=\"elementor-field elementor-size-md  elementor-field-textual\" placeholder=\"Add your Date of Birth \" required=\"required\">\n\t\t\t\t\t\t\t\t\t\t\t<\/div>\n\t\t\t\t\t\t\t\t<div class=\"elementor-field-type-select elementor-field-group elementor-column elementor-field-group-field_db63990 elementor-col-33 elementor-field-required elementor-mark-required\">\n\t\t\t\t\t\t\t\t\t\t\t\t<label for=\"form-field-field_db63990\" class=\"elementor-field-label\">\n\t\t\t\t\t\t\t\tGender\t\t\t\t\t\t\t<\/label>\n\t\t\t\t\t\t\t\t<div class=\"elementor-field elementor-select-wrapper remove-before \">\n\t\t\t<div class=\"select-caret-down-wrapper\">\n\t\t\t\t<svg aria-hidden=\"true\" class=\"e-font-icon-svg e-eicon-caret-down\" viewBox=\"0 0 571.4 571.4\" xmlns=\"http:\/\/www.w3.org\/2000\/svg\"><path d=\"M571 393Q571 407 561 418L311 668Q300 679 286 679T261 668L11 418Q0 407 0 393T11 368 36 357H536Q550 357 561 368T571 393Z\"><\/path><\/svg>\t\t\t<\/div>\n\t\t\t<select name=\"form_fields[field_db63990]\" id=\"form-field-field_db63990\" class=\"elementor-field-textual elementor-size-md\" required=\"required\">\n\t\t\t\t\t\t\t\t\t<option value=\"Male\">Male<\/option>\n\t\t\t\t\t\t\t\t\t<option value=\"Female\">Female<\/option>\n\t\t\t\t\t\t\t<\/select>\n\t\t<\/div>\n\t\t\t\t\t\t<\/div>\n\t\t\t\t\t\t\t\t<div class=\"elementor-field-type-text elementor-field-group elementor-column elementor-field-group-field_8e81c65 elementor-col-33 elementor-field-required elementor-mark-required\">\n\t\t\t\t\t\t\t\t\t\t\t\t<label for=\"form-field-field_8e81c65\" class=\"elementor-field-label\">\n\t\t\t\t\t\t\t\tNationality\t\t\t\t\t\t\t<\/label>\n\t\t\t\t\t\t\t\t\t\t\t\t\t\t<input size=\"1\" type=\"text\" name=\"form_fields[field_8e81c65]\" id=\"form-field-field_8e81c65\" class=\"elementor-field elementor-size-md  elementor-field-textual\" placeholder=\"Add your Nationality\" required=\"required\">\n\t\t\t\t\t\t\t\t\t\t\t<\/div>\n\t\t\t\t\t\t\t\t<div class=\"elementor-field-type-email elementor-field-group elementor-column elementor-field-group-email elementor-col-33 elementor-field-required elementor-mark-required\">\n\t\t\t\t\t\t\t\t\t\t\t\t<label for=\"form-field-email\" class=\"elementor-field-label\">\n\t\t\t\t\t\t\t\tEmail\t\t\t\t\t\t\t<\/label>\n\t\t\t\t\t\t\t\t\t\t\t\t\t\t<input size=\"1\" type=\"email\" name=\"form_fields[email]\" id=\"form-field-email\" class=\"elementor-field elementor-size-md  elementor-field-textual\" placeholder=\"Email\" required=\"required\">\n\t\t\t\t\t\t\t\t\t\t\t<\/div>\n\t\t\t\t\t\t\t\t<div class=\"elementor-field-type-number elementor-field-group elementor-column elementor-field-group-field_cc46a8b elementor-col-33 elementor-field-required elementor-mark-required\">\n\t\t\t\t\t\t\t\t\t\t\t\t<label for=\"form-field-field_cc46a8b\" class=\"elementor-field-label\">\n\t\t\t\t\t\t\t\tPhone Number (with country code. Eg. +255)\t\t\t\t\t\t\t<\/label>\n\t\t\t\t\t\t\t\t\t<input type=\"number\" name=\"form_fields[field_cc46a8b]\" id=\"form-field-field_cc46a8b\" class=\"elementor-field elementor-size-md  elementor-field-textual\" placeholder=\"Enter your Phone Number (with country code)\" required=\"required\" min=\"\" max=\"\" >\n\t\t\t\t\t\t<\/div>\n\t\t\t\t\t\t\t\t<div class=\"elementor-field-type-text elementor-field-group elementor-column elementor-field-group-field_5873465 elementor-col-33 elementor-field-required elementor-mark-required\">\n\t\t\t\t\t\t\t\t\t\t\t\t<label for=\"form-field-field_5873465\" class=\"elementor-field-label\">\n\t\t\t\t\t\t\t\tMailing Address\t\t\t\t\t\t\t<\/label>\n\t\t\t\t\t\t\t\t\t\t\t\t\t\t<input size=\"1\" type=\"text\" name=\"form_fields[field_5873465]\" id=\"form-field-field_5873465\" class=\"elementor-field elementor-size-md  elementor-field-textual\" placeholder=\"Mailing Address\" required=\"required\">\n\t\t\t\t\t\t\t\t\t\t\t<\/div>\n\t\t\t\t\t\t\t\t<div class=\"elementor-field-type-html elementor-field-group elementor-column elementor-field-group-field_5736cff elementor-col-100\">\n\t\t\t\t\t<h2>Academic and Professional Background<\/h2><br>\t\t\t\t<\/div>\n\t\t\t\t\t\t\t\t<div class=\"elementor-field-type-text elementor-field-group elementor-column elementor-field-group-field_d9333ae elementor-col-50 elementor-field-required elementor-mark-required\">\n\t\t\t\t\t\t\t\t\t\t\t\t<label for=\"form-field-field_d9333ae\" class=\"elementor-field-label\">\n\t\t\t\t\t\t\t\tCurrent Position\/Occupation\t\t\t\t\t\t\t<\/label>\n\t\t\t\t\t\t\t\t\t\t\t\t\t\t<input size=\"1\" type=\"text\" name=\"form_fields[field_d9333ae]\" id=\"form-field-field_d9333ae\" class=\"elementor-field elementor-size-md  elementor-field-textual\" placeholder=\"Current Position\/Occupation (E.g., Student, Researcher, Legal Practitioner, etc.)\" required=\"required\">\n\t\t\t\t\t\t\t\t\t\t\t<\/div>\n\t\t\t\t\t\t\t\t<div class=\"elementor-field-type-text elementor-field-group elementor-column elementor-field-group-field_2daaad8 elementor-col-50 elementor-field-required elementor-mark-required\">\n\t\t\t\t\t\t\t\t\t\t\t\t<label for=\"form-field-field_2daaad8\" class=\"elementor-field-label\">\n\t\t\t\t\t\t\t\tInstitution\/Organization\t\t\t\t\t\t\t<\/label>\n\t\t\t\t\t\t\t\t\t\t\t\t\t\t<input size=\"1\" type=\"text\" name=\"form_fields[field_2daaad8]\" id=\"form-field-field_2daaad8\" class=\"elementor-field elementor-size-md  elementor-field-textual\" placeholder=\"Add your Institution\/Organization\" required=\"required\">\n\t\t\t\t\t\t\t\t\t\t\t<\/div>\n\t\t\t\t\t\t\t\t<div class=\"elementor-field-type-text elementor-field-group elementor-column elementor-field-group-field_8d856d2 elementor-col-100 elementor-field-required elementor-mark-required\">\n\t\t\t\t\t\t\t\t\t\t\t\t<label for=\"form-field-field_8d856d2\" class=\"elementor-field-label\">\n\t\t\t\t\t\t\t\tHighest Educational Qualification\t\t\t\t\t\t\t<\/label>\n\t\t\t\t\t\t\t\t\t\t\t\t\t\t<input size=\"1\" type=\"text\" name=\"form_fields[field_8d856d2]\" id=\"form-field-field_8d856d2\" class=\"elementor-field elementor-size-md  elementor-field-textual\" placeholder=\"Highest Educational Qualification (Specify degree, field of study, institution, and year of graduation.)\" required=\"required\">\n\t\t\t\t\t\t\t\t\t\t\t<\/div>\n\t\t\t\t\t\t\t\t<div class=\"elementor-field-type-textarea elementor-field-group elementor-column elementor-field-group-field_6bd6c7b elementor-col-100 elementor-field-required elementor-mark-required\">\n\t\t\t\t\t\t\t\t\t\t\t\t<label for=\"form-field-field_6bd6c7b\" class=\"elementor-field-label\">\n\t\t\t\t\t\t\t\tRelevant Experience\t\t\t\t\t\t\t<\/label>\n\t\t\t\t\t\t<textarea class=\"elementor-field-textual elementor-field  elementor-size-md\" name=\"form_fields[field_6bd6c7b]\" id=\"form-field-field_6bd6c7b\" rows=\"4\" placeholder=\"Relevant Experience (Please list your academic, professional, or research experience relevant to African Union Law and Public Law.)\" required=\"required\"><\/textarea>\t\t\t\t<\/div>\n\t\t\t\t\t\t\t\t<div class=\"elementor-field-type-html elementor-field-group elementor-column elementor-field-group-field_60a3e83 elementor-col-100\">\n\t\t\t\t\t<h2>Motivation and Expectations<\/h2><br>\t\t\t\t<\/div>\n\t\t\t\t\t\t\t\t<div class=\"elementor-field-type-textarea elementor-field-group elementor-column elementor-field-group-field_89397e4 elementor-col-100 elementor-field-required elementor-mark-required\">\n\t\t\t\t\t\t\t\t\t\t\t\t<label for=\"form-field-field_89397e4\" class=\"elementor-field-label\">\n\t\t\t\t\t\t\t\tStatement of Interest\t\t\t\t\t\t\t<\/label>\n\t\t\t\t\t\t<textarea class=\"elementor-field-textual elementor-field  elementor-size-md\" name=\"form_fields[field_89397e4]\" id=\"form-field-field_89397e4\" rows=\"4\" placeholder=\"Statement of Interest (Briefly explain why you are interested in attending the Kilimanjaro Summer Academy and how it aligns with your goals. Maximum 300 words.)\" required=\"required\"><\/textarea>\t\t\t\t<\/div>\n\t\t\t\t\t\t\t\t<div class=\"elementor-field-type-textarea elementor-field-group elementor-column elementor-field-group-field_265bf73 elementor-col-100 elementor-field-required elementor-mark-required\">\n\t\t\t\t\t\t\t\t\t\t\t\t<label for=\"form-field-field_265bf73\" class=\"elementor-field-label\">\n\t\t\t\t\t\t\t\tExpected Outcomes\t\t\t\t\t\t\t<\/label>\n\t\t\t\t\t\t<textarea class=\"elementor-field-textual elementor-field  elementor-size-md\" name=\"form_fields[field_265bf73]\" id=\"form-field-field_265bf73\" rows=\"4\" placeholder=\"Expected Outcomes (What do you hope to achieve by attending this Academy?)\" required=\"required\"><\/textarea>\t\t\t\t<\/div>\n\t\t\t\t\t\t\t\t<div class=\"elementor-field-type-html elementor-field-group elementor-column elementor-field-group-field_eb03476 elementor-col-100\">\n\t\t\t\t\t<h2>Additional Information<\/h2><br>\t\t\t\t<\/div>\n\t\t\t\t\t\t\t\t<div class=\"elementor-field-type-html elementor-field-group elementor-column elementor-field-group-field_b92d4fc elementor-col-100\">\n\t\t\t\t\t<h5>Language Proficiency:<\/h5>\t\t\t\t<\/div>\n\t\t\t\t\t\t\t\t<div class=\"elementor-field-type-radio elementor-field-group elementor-column elementor-field-group-field_f708557 elementor-col-33 elementor-field-required elementor-mark-required\">\n\t\t\t\t\t\t\t\t\t\t\t\t<label for=\"form-field-field_f708557\" class=\"elementor-field-label\">\n\t\t\t\t\t\t\t\tEnglish\t\t\t\t\t\t\t<\/label>\n\t\t\t\t\t\t<div class=\"elementor-field-subgroup  elementor-subgroup-inline\"><span class=\"elementor-field-option\"><input type=\"radio\" value=\"Fluent\" id=\"form-field-field_f708557-0\" name=\"form_fields[field_f708557]\" required=\"required\"> <label for=\"form-field-field_f708557-0\">Fluent<\/label><\/span><span class=\"elementor-field-option\"><input type=\"radio\" value=\"Intermediate\" id=\"form-field-field_f708557-1\" name=\"form_fields[field_f708557]\" required=\"required\"> <label for=\"form-field-field_f708557-1\">Intermediate<\/label><\/span><span class=\"elementor-field-option\"><input type=\"radio\" value=\"Basic\" id=\"form-field-field_f708557-2\" name=\"form_fields[field_f708557]\" required=\"required\"> <label for=\"form-field-field_f708557-2\">Basic<\/label><\/span><\/div>\t\t\t\t<\/div>\n\t\t\t\t\t\t\t\t<div class=\"elementor-field-type-radio elementor-field-group elementor-column elementor-field-group-field_a4e09e9 elementor-col-33 elementor-field-required elementor-mark-required\">\n\t\t\t\t\t\t\t\t\t\t\t\t<label for=\"form-field-field_a4e09e9\" class=\"elementor-field-label\">\n\t\t\t\t\t\t\t\tFrench\t\t\t\t\t\t\t<\/label>\n\t\t\t\t\t\t<div class=\"elementor-field-subgroup  elementor-subgroup-inline\"><span class=\"elementor-field-option\"><input type=\"radio\" value=\"Fluent\" id=\"form-field-field_a4e09e9-0\" name=\"form_fields[field_a4e09e9]\" required=\"required\"> <label for=\"form-field-field_a4e09e9-0\">Fluent<\/label><\/span><span class=\"elementor-field-option\"><input type=\"radio\" value=\"Intermediate\" id=\"form-field-field_a4e09e9-1\" name=\"form_fields[field_a4e09e9]\" required=\"required\"> <label for=\"form-field-field_a4e09e9-1\">Intermediate<\/label><\/span><span class=\"elementor-field-option\"><input type=\"radio\" value=\"Basic\" id=\"form-field-field_a4e09e9-2\" name=\"form_fields[field_a4e09e9]\" required=\"required\"> <label for=\"form-field-field_a4e09e9-2\">Basic<\/label><\/span><span class=\"elementor-field-option\"><input type=\"radio\" value=\"N\/A\" id=\"form-field-field_a4e09e9-3\" name=\"form_fields[field_a4e09e9]\" required=\"required\"> <label for=\"form-field-field_a4e09e9-3\">N\/A<\/label><\/span><\/div>\t\t\t\t<\/div>\n\t\t\t\t\t\t\t\t<div class=\"elementor-field-type-text elementor-field-group elementor-column elementor-field-group-field_047918c elementor-col-33\">\n\t\t\t\t\t\t\t\t\t\t\t\t<label for=\"form-field-field_047918c\" class=\"elementor-field-label\">\n\t\t\t\t\t\t\t\tOther Languages (specify)\t\t\t\t\t\t\t<\/label>\n\t\t\t\t\t\t\t\t\t\t\t\t\t\t<input size=\"1\" type=\"text\" name=\"form_fields[field_047918c]\" id=\"form-field-field_047918c\" class=\"elementor-field elementor-size-md  elementor-field-textual\" placeholder=\"Other Languages (specify)\">\n\t\t\t\t\t\t\t\t\t\t\t<\/div>\n\t\t\t\t\t\t\t\t<div class=\"elementor-field-type-textarea elementor-field-group elementor-column elementor-field-group-field_a6a7a91 elementor-col-100 elementor-field-required elementor-mark-required\">\n\t\t\t\t\t\t\t\t\t\t\t\t<label for=\"form-field-field_a6a7a91\" class=\"elementor-field-label\">\n\t\t\t\t\t\t\t\tSpecial Needs or Dietary Requirements\t\t\t\t\t\t\t<\/label>\n\t\t\t\t\t\t<textarea class=\"elementor-field-textual elementor-field  elementor-size-md\" name=\"form_fields[field_a6a7a91]\" id=\"form-field-field_a6a7a91\" rows=\"4\" placeholder=\"Special Needs or Dietary Requirements: (If applicable)\" required=\"required\"><\/textarea>\t\t\t\t<\/div>\n\t\t\t\t\t\t\t\t<div class=\"elementor-field-type-upload elementor-field-group elementor-column elementor-field-group-field_d49c540 elementor-col-100 elementor-field-required elementor-mark-required\">\n\t\t\t\t\t\t\t\t\t\t\t\t<label for=\"form-field-field_d49c540\" class=\"elementor-field-label\">\n\t\t\t\t\t\t\t\tUpload needed Files Here\t\t\t\t\t\t\t<\/label>\n\t\t\t\t\t\t\t\t<input type=\"file\" name=\"form_fields[field_d49c540][]\" id=\"form-field-field_d49c540\" class=\"elementor-field elementor-size-md  elementor-upload-field\" required=\"required\" multiple=\"multiple\" data-maxsize=\"15\" data-maxsize-message=\"Ce fichier d\u00e9passe la taille maximale autoris\u00e9e.\">\n\n\t\t\t\t\t\t<\/div>\n\t\t\t\t\t\t\t\t<div class=\"elementor-field-group elementor-column elementor-field-type-submit elementor-col-100 e-form__buttons\">\n\t\t\t\t\t<button class=\"elementor-button elementor-size-sm\" type=\"submit\">\n\t\t\t\t\t\t<span class=\"elementor-button-content-wrapper\">\n\t\t\t\t\t\t\t\t\t\t\t\t\t\t\t\t\t\t\t\t\t\t<span class=\"elementor-button-text\">Send<\/span>\n\t\t\t\t\t\t\t\t\t\t\t\t\t<\/span>\n\t\t\t\t\t<\/button>\n\t\t\t\t<\/div>\n\t\t\t<\/div>\n\t\t<\/form>\n\t\t\t\t\t\t<\/div>\n\t\t\t\t<\/div>\n\t\t\t\t<div class=\"elementor-element elementor-element-9791922 elementor-widget elementor-widget-spacer\" data-id=\"9791922\" data-element_type=\"widget\" data-e-type=\"widget\" data-widget_type=\"spacer.default\">\n\t\t\t\t<div class=\"elementor-widget-container\">\n\t\t\t\t\t\t\t<div class=\"elementor-spacer\">\n\t\t\t<div class=\"elementor-spacer-inner\"><\/div>\n\t\t<\/div>\n\t\t\t\t\t\t<\/div>\n\t\t\t\t<\/div>\n\t\t\t\t<div class=\"elementor-element elementor-element-b419770 elementor-widget elementor-widget-text-editor\" data-id=\"b419770\" data-element_type=\"widget\" data-e-type=\"widget\" data-widget_type=\"text-editor.default\">\n\t\t\t\t<div class=\"elementor-widget-container\">\n\t\t\t\t\t\t\t\t\t<h3><strong>Submission Instructions<\/strong><\/h3><ul><li>Complete the application form and attach the following:<\/li><\/ul><ul><li style=\"list-style-type: none;\"><ul><li>A copy of your CV (maximum 2 pages).<\/li><li>A letter of recommendation from your academic supervisor or employer.<\/li><li>A copy of your passport (for non-Tanzanians) or national ID.<\/li><\/ul><\/li><\/ul><ul><li>Submit the application via email to <a href=\"mailto:programs@aiil-iadi.org\">programs@aiil-iadi.org<\/a><\/li><\/ul><p>\u00a0<\/p><p><em>After submission (when you click the send button of the form), you will be taken to the payment link. And below is the same link if you did not succeed on the first try but you did submit your data sucsessfully then click the link to go to the payment page.<\/em><\/p><p>For inquiries, contact:<\/p><ul><li>Email: <a href=\"mailto:programs@aiil-iadi.org\">programs@aiil-iadi.org<\/a><\/li><li>Phone: <strong>+255 710 732 590<\/strong><\/li><\/ul>\t\t\t\t\t\t\t\t<\/div>\n\t\t\t\t<\/div>\n\t\t\t\t<div class=\"elementor-element elementor-element-f8fcbc0 elementor-align-center elementor-widget elementor-widget-button\" data-id=\"f8fcbc0\" data-element_type=\"widget\" data-e-type=\"widget\" data-widget_type=\"button.default\">\n\t\t\t\t<div class=\"elementor-widget-container\">\n\t\t\t\t\t\t\t\t\t<div class=\"elementor-button-wrapper\">\n\t\t\t\t\t<a class=\"elementor-button elementor-button-link elementor-size-sm\" href=\"https:\/\/buy.stripe.com\/8x27sK8eb6sY9R4dEsfbq00\" rel=\"nofollow noopener\" target=\"_blank\">\n\t\t\t\t\t\t<span class=\"elementor-button-content-wrapper\">\n\t\t\t\t\t\t<span class=\"elementor-button-icon\">\n\t\t\t\t<svg aria-hidden=\"true\" class=\"e-font-icon-svg e-fas-credit-card\" viewBox=\"0 0 576 512\" xmlns=\"http:\/\/www.w3.org\/2000\/svg\"><path d=\"M0 432c0 26.5 21.5 48 48 48h480c26.5 0 48-21.5 48-48V256H0v176zm192-68c0-6.6 5.4-12 12-12h136c6.6 0 12 5.4 12 12v40c0 6.6-5.4 12-12 12H204c-6.6 0-12-5.4-12-12v-40zm-128 0c0-6.6 5.4-12 12-12h72c6.6 0 12 5.4 12 12v40c0 6.6-5.4 12-12 12H76c-6.6 0-12-5.4-12-12v-40zM576 80v48H0V80c0-26.5 21.5-48 48-48h480c26.5 0 48 21.5 48 48z\"><\/path><\/svg>\t\t\t<\/span>\n\t\t\t\t\t\t\t\t\t<span class=\"elementor-button-text\">Direct Payment link<\/span>\n\t\t\t\t\t<\/span>\n\t\t\t\t\t<\/a>\n\t\t\t\t<\/div>\n\t\t\t\t\t\t\t\t<\/div>\n\t\t\t\t<\/div>\n\t\t\t\t<div class=\"elementor-element elementor-element-33346c3 elementor-widget elementor-widget-spacer\" data-id=\"33346c3\" data-element_type=\"widget\" data-e-type=\"widget\" data-widget_type=\"spacer.default\">\n\t\t\t\t<div class=\"elementor-widget-container\">\n\t\t\t\t\t\t\t<div class=\"elementor-spacer\">\n\t\t\t<div class=\"elementor-spacer-inner\"><\/div>\n\t\t<\/div>\n\t\t\t\t\t\t<\/div>\n\t\t\t\t<\/div>\n\t\t\t\t\t<\/div>\n\t\t\t\t<\/div>\n\t\t\t\t<\/div>\n\t\t","protected":false},"excerpt":{"rendered":"<p>Submission Instructions Complete the application form and attach the following: A copy of your CV (maximum 2 pages). A letter of recommendation from your academic supervisor or employer. A copy of your passport (for non-Tanzanians) or national ID. Submit the application via email to programs@aiil-iadi.org \u00a0 After submission (when you click the send button of [&hellip;]<\/p>\n","protected":false},"author":7,"featured_media":0,"parent":0,"menu_order":0,"comment_status":"closed","ping_status":"closed","template":"","meta":{"_acf_changed":false,"footnotes":""},"class_list":["post-4953","page","type-page","status-publish","hentry"],"acf":[],"_links":{"self":[{"href":"https:\/\/aiil-iadi.org\/fr\/wp-json\/wp\/v2\/pages\/4953","targetHints":{"allow":["GET"]}}],"collection":[{"href":"https:\/\/aiil-iadi.org\/fr\/wp-json\/wp\/v2\/pages"}],"about":[{"href":"https:\/\/aiil-iadi.org\/fr\/wp-json\/wp\/v2\/types\/page"}],"author":[{"embeddable":true,"href":"https:\/\/aiil-iadi.org\/fr\/wp-json\/wp\/v2\/users\/7"}],"replies":[{"embeddable":true,"href":"https:\/\/aiil-iadi.org\/fr\/wp-json\/wp\/v2\/comments?post=4953"}],"version-history":[{"count":7,"href":"https:\/\/aiil-iadi.org\/fr\/wp-json\/wp\/v2\/pages\/4953\/revisions"}],"predecessor-version":[{"id":4965,"href":"https:\/\/aiil-iadi.org\/fr\/wp-json\/wp\/v2\/pages\/4953\/revisions\/4965"}],"wp:attachment":[{"href":"https:\/\/aiil-iadi.org\/fr\/wp-json\/wp\/v2\/media?parent=4953"}],"curies":[{"name":"wp","href":"https:\/\/api.w.org\/{rel}","templated":true}]}}