{"id":935,"date":"2022-12-12T08:18:55","date_gmt":"2022-12-12T08:18:55","guid":{"rendered":"https:\/\/atloncrest.com\/dev\/aiil-iadi\/?page_id=935"},"modified":"2023-01-06T12:32:40","modified_gmt":"2023-01-06T12:32:40","slug":"training-courses","status":"publish","type":"page","link":"https:\/\/aiil-iadi.org\/fr\/training-courses\/","title":{"rendered":"Cours de formation"},"content":{"rendered":"<div data-elementor-type=\"wp-page\" data-elementor-id=\"935\" class=\"elementor elementor-935\" data-elementor-post-type=\"page\">\n\t\t\t\t<div class=\"elementor-element elementor-element-c07b6b7 e-con-full e-flex e-con e-parent\" data-id=\"c07b6b7\" data-element_type=\"container\" data-e-type=\"container\">\n\t\t\t\t<div class=\"elementor-element elementor-element-2422c96 elementor-widget elementor-widget-shortcode\" data-id=\"2422c96\" data-element_type=\"widget\" data-e-type=\"widget\" data-widget_type=\"shortcode.default\">\n\t\t\t\t<div class=\"elementor-widget-container\">\n\t\t\t\t\t\t\t<div class=\"elementor-shortcode\"><h2 id=\"tablepress-1-name\" class=\"tablepress-table-name tablepress-table-name-id-1\">Programmes de formation men\u00e9s jusqu'\u00e0 pr\u00e9sent<\/h2>\n\n<table id=\"tablepress-1\" class=\"tablepress tablepress-id-1\" aria-labelledby=\"tablepress-1-name\">\n<thead>\n<tr class=\"row-1\">\n\t<th class=\"column-1\">SN<\/th><th class=\"column-2\">Ann\u00e9e<\/th><th class=\"column-3\">Programme<\/th><th class=\"column-4\">Total<\/th><th class=\"column-5\">Femme<\/th><th class=\"column-6\">Homme<\/th><th class=\"column-7\">Pays<\/th>\n<\/tr>\n<\/thead>\n<tbody class=\"row-striping row-hover\">\n<tr class=\"row-2\">\n\t<td class=\"column-1\">1<\/td><td class=\"column-2\">2014<\/td><td class=\"column-3\">Atelier de formation sur la n\u00e9gociation de trait\u00e9s internationaux pour les diplomates africains, 31 juillet-1er ao\u00fbt, Addis Abeba, Ethiopie<\/td><td class=\"column-4\">17<\/td><td class=\"column-5\">1<\/td><td class=\"column-6\">16<\/td><td class=\"column-7\">15<\/td>\n<\/tr>\n<tr class=\"row-3\">\n\t<td class=\"column-1\">2<\/td><td class=\"column-2\">2015<\/td><td class=\"column-3\">Atelier de formation sur les trait\u00e9s bilat\u00e9raux d'investissement et l'arbitrage, 16-20 f\u00e9vrier, Arusha, Tanzanie <\/td><td class=\"column-4\">32<\/td><td class=\"column-5\">10<\/td><td class=\"column-6\">22<\/td><td class=\"column-7\">15<\/td>\n<\/tr>\n<tr class=\"row-4\">\n\t<td class=\"column-1\">3<\/td><td class=\"column-2\">2015<\/td><td class=\"column-3\">Dialogue sur les droits de l'homme et le syst\u00e8me judiciaire africain, 18-22 mai, Arusha, Tanzanie <\/td><td class=\"column-4\">28<\/td><td class=\"column-5\">8<\/td><td class=\"column-6\">20<\/td><td class=\"column-7\">16<\/td>\n<\/tr>\n<tr class=\"row-5\">\n\t<td class=\"column-1\">4<\/td><td class=\"column-2\">2015<\/td><td class=\"column-3\">Atelier de formation sur les trait\u00e9s bilat\u00e9raux d'investissement et l'arbitrage 1er--5 juin, Arusha, Tanzanie<\/td><td class=\"column-4\">23<\/td><td class=\"column-5\">6<\/td><td class=\"column-6\">17<\/td><td class=\"column-7\">12<\/td>\n<\/tr>\n<tr class=\"row-6\">\n\t<td class=\"column-1\">5<\/td><td class=\"column-2\">2016<\/td><td class=\"column-3\">Formation sur les trait\u00e9s bilat\u00e9raux d'investissement et l'arbitrage, 6-10 juin, Arusha, Tanzanie<\/td><td class=\"column-4\">32<\/td><td class=\"column-5\">20<\/td><td class=\"column-6\">12<\/td><td class=\"column-7\">14<\/td>\n<\/tr>\n<tr class=\"row-7\">\n\t<td class=\"column-1\">6<\/td><td class=\"column-2\">2016<\/td><td class=\"column-3\">Atelier de formation sur les trait\u00e9s bilat\u00e9raux d'investissement et l'arbitrage, 26-30 septembre, Abidjan, C\u00f4te d'Ivoire<\/td><td class=\"column-4\">40<\/td><td class=\"column-5\">12<\/td><td class=\"column-6\">28<\/td><td class=\"column-7\">17<\/td>\n<\/tr>\n<tr class=\"row-8\">\n\t<td class=\"column-1\">7<\/td><td class=\"column-2\">2016<\/td><td class=\"column-3\">S\u00e9minaire de droit international pour les universit\u00e9s africaines, 15-26 ao\u00fbt, Accra, Ghana<\/td><td class=\"column-4\">30<\/td><td class=\"column-5\">13<\/td><td class=\"column-6\">17<\/td><td class=\"column-7\">20<\/td>\n<\/tr>\n<tr class=\"row-9\">\n\t<td class=\"column-1\">8<\/td><td class=\"column-2\">2018<\/td><td class=\"column-3\">Acad\u00e9mie d'\u00e9t\u00e9 sur le plateau continental, 21-28 avril, Arusha, Tanzanie<\/td><td class=\"column-4\">31<\/td><td class=\"column-5\">14<\/td><td class=\"column-6\">17<\/td><td class=\"column-7\">22<\/td>\n<\/tr>\n<tr class=\"row-10\">\n\t<td class=\"column-1\">9<\/td><td class=\"column-2\">2018<\/td><td class=\"column-3\">S\u00e9minaire sur l'examen des r\u00e9formes internationales du r\u00e9gime d'investissement et <br \/>\nVers le m\u00e9canisme ISDS : perspectives des r\u00e9gions Asie-Afrique, 19-21 novembre, Arusha, Tanzanie<br \/>\n<\/td><td class=\"column-4\">82<\/td><td class=\"column-5\">31<\/td><td class=\"column-6\">51<\/td><td class=\"column-7\">37<\/td>\n<\/tr>\n<tr class=\"row-11\">\n\t<td class=\"column-1\">10<\/td><td class=\"column-2\">2019<\/td><td class=\"column-3\">S\u00e9minaire sur les meilleures pratiques en mati\u00e8re d'arbitrage en Afrique, 12-14 f\u00e9vrier, Arusha, Tanzanie<\/td><td class=\"column-4\">167<\/td><td class=\"column-5\">60<\/td><td class=\"column-6\">107<\/td><td class=\"column-7\">38<\/td>\n<\/tr>\n<tr class=\"row-12\">\n\t<td class=\"column-1\">11<\/td><td class=\"column-2\">2019<\/td><td class=\"column-3\">Visite des juges en chef \u00e0 Arusha et \u00e0 La Haye, 3-11 juillet<\/td><td class=\"column-4\">7<\/td><td class=\"column-5\">3<\/td><td class=\"column-6\">4<\/td><td class=\"column-7\">7<\/td>\n<\/tr>\n<tr class=\"row-13\">\n\t<td class=\"column-1\">12<\/td><td class=\"column-2\">2019<\/td><td class=\"column-3\">Forum juridique Chine-Afrique, 30-31 juillet, P\u00e9kin, Chine<\/td><td class=\"column-4\">76<\/td><td class=\"column-5\">35<\/td><td class=\"column-6\">41<\/td><td class=\"column-7\">28<\/td>\n<\/tr>\n<tr class=\"row-14\">\n\t<td class=\"column-1\">13<\/td><td class=\"column-2\">2019<\/td><td class=\"column-3\">Acad\u00e9mie d'\u00e9t\u00e9 sur le plateau continental, 1-7 septembre, Arusha, Tanzanie<\/td><td class=\"column-4\">29<\/td><td class=\"column-5\">14<\/td><td class=\"column-6\">15<\/td><td class=\"column-7\">16<\/td>\n<\/tr>\n<tr class=\"row-15\">\n\t<td class=\"column-1\">14<\/td><td class=\"column-2\">2020<\/td><td class=\"column-3\">Atelier de formation sur le renforcement des capacit\u00e9s des magistrats en mati\u00e8re de r\u00e9pression des crimes internationaux et transnationaux en Afrique, 24-28 f\u00e9vrier, Arusha, Tanzanie<\/td><td class=\"column-4\">19<\/td><td class=\"column-5\">4<\/td><td class=\"column-6\">15<\/td><td class=\"column-7\">9<\/td>\n<\/tr>\n<tr class=\"row-16\">\n\t<td class=\"column-1\">15<\/td><td class=\"column-2\">2022<\/td><td class=\"column-3\">Premier atelier de formation en droit de l'investissement et de l'arbitrage (pour les participants anglophones), Introduction avanc\u00e9e au droit de l'investissement et \u00e0 l'arbitrage.<br \/>\nr\u00e9solution des litiges, 3 mars 2022 (Webinar)<\/td><td class=\"column-4\">68<\/td><td class=\"column-5\">26<\/td><td class=\"column-6\">42<\/td><td class=\"column-7\">33<\/td>\n<\/tr>\n<tr class=\"row-17\">\n\t<td class=\"column-1\">16<\/td><td class=\"column-2\">2022<\/td><td class=\"column-3\">Premier atelier de formation en droit des investissements et de l'arbitrage (pour les participants francophones), Introduction approfondie au droit international des investissements et r\u00e8glement des diff\u00e9rends, 31 mars 2022 (Webinar)<\/td><td class=\"column-4\">5<\/td><td class=\"column-5\">1<\/td><td class=\"column-6\">5<\/td><td class=\"column-7\">5<\/td>\n<\/tr>\n<tr class=\"row-18\">\n\t<td class=\"column-1\">17<\/td><td class=\"column-2\">2022<\/td><td class=\"column-3\">Acad\u00e9mie d'\u00e9t\u00e9 sur le plateau continental<\/td><td class=\"column-4\">28<\/td><td class=\"column-5\">6<\/td><td class=\"column-6\">22<\/td><td class=\"column-7\">21<\/td>\n<\/tr>\n<tr class=\"row-19\">\n\t<td class=\"column-1\">18<\/td><td class=\"column-2\">2022<\/td><td class=\"column-3\">Les ressources en eau partag\u00e9es en Afrique et le droit international de l'eau, 21 juillet. <\/td><td class=\"column-4\">148<\/td><td class=\"column-5\">57<\/td><td class=\"column-6\">91<\/td><td class=\"column-7\">40<\/td>\n<\/tr>\n<tr class=\"row-20\">\n\t<td class=\"column-1\">19<\/td><td class=\"column-2\">2022<\/td><td class=\"column-3\">Le principe de la souverainet\u00e9 permanente sur les ressources naturelles : espoirs et pi\u00e8ges dans l'Afrique du XXIe si\u00e8cle Confirmation<\/td><td class=\"column-4\">156<\/td><td class=\"column-5\">60<\/td><td class=\"column-6\">96<\/td><td class=\"column-7\">43<\/td>\n<\/tr>\n<tr class=\"row-21\">\n\t<td class=\"column-1\">20<\/td><td class=\"column-2\">2022<\/td><td class=\"column-3\">Deuxi\u00e8me atelier de formation en droit de l'investissement et de l'arbitrage (pour les participants anglophones), La n\u00e9gociation et la r\u00e9daction des trait\u00e9s bilat\u00e9raux d'investissement par les pays africains, 23 juin 2022 (Webinar)<\/td><td class=\"column-4\">13<\/td><td class=\"column-5\">6 <\/td><td class=\"column-6\">7 <\/td><td class=\"column-7\">8<\/td>\n<\/tr>\n<tr class=\"row-22\">\n\t<td class=\"column-1\">21<\/td><td class=\"column-2\">2022<\/td><td class=\"column-3\">Troisi\u00e8me atelier de formation en droit de l'investissement et de l'arbitrage (pour les participants anglophones), The Inter- Relationship between African Countries' State Law and ICSID Jurisprudence, 22 novembre 2022 (Webinar)<\/td><td class=\"column-4\">96<\/td><td class=\"column-5\">32<\/td><td class=\"column-6\">64<\/td><td class=\"column-7\">33<\/td>\n<\/tr>\n<tr class=\"row-23\">\n\t<td class=\"column-1\">22<\/td><td class=\"column-2\">2023<\/td><td class=\"column-3\">Visite des juges en chef \u00e0 Arusha et \u00e0 La Haye, du 1er au 9 juin<\/td><td class=\"column-4\">10<\/td><td class=\"column-5\">1<\/td><td class=\"column-6\">8<\/td><td class=\"column-7\">9<\/td>\n<\/tr>\n<tr class=\"row-24\">\n\t<td class=\"column-1\">23<\/td><td class=\"column-2\">2023<\/td><td class=\"column-3\">Atelier sur les droits des femmes en Afrique, Arusha, 19-21 octobre<\/td><td class=\"column-4\">106<\/td><td class=\"column-5\">78<\/td><td class=\"column-6\">28<\/td><td class=\"column-7\"><\/td>\n<\/tr>\n<tr class=\"row-25\">\n\t<td class=\"column-1\">24<\/td><td class=\"column-2\">2024<\/td><td class=\"column-3\">Acad\u00e9mie d'\u00e9t\u00e9 sur le plateau continental, Arusha, 21-27 avril<\/td><td class=\"column-4\">41<\/td><td class=\"column-5\">16<\/td><td class=\"column-6\">25<\/td><td class=\"column-7\">18<\/td>\n<\/tr>\n<tr class=\"row-26\">\n\t<td class=\"column-1\">25<\/td><td class=\"column-2\">2024<\/td><td class=\"column-3\">Atelier sur l'histoire juridique internationale pr\u00e9coloniale africaine, 15-17 juillet<\/td><td class=\"column-4\">31<\/td><td class=\"column-5\">13<\/td><td class=\"column-6\">19<\/td><td class=\"column-7\">17<\/td>\n<\/tr>\n<tr class=\"row-27\">\n\t<td class=\"column-1\">25<\/td><td class=\"column-2\">2024<\/td><td class=\"column-3\">Visite des pr\u00e9sidents africains en Chine, 22-28\/06<\/td><td class=\"column-4\">32<\/td><td class=\"column-5\">11<\/td><td class=\"column-6\">20<\/td><td class=\"column-7\">10<\/td>\n<\/tr>\n<tr class=\"row-28\">\n\t<td class=\"column-1\">26<\/td><td class=\"column-2\">2024<\/td><td class=\"column-3\">Semaine de la justice de La Haye-Arusha, 29\/10-01\/11<\/td><td class=\"column-4\">47<\/td><td class=\"column-5\">15<\/td><td class=\"column-6\">32<\/td><td class=\"column-7\">15<\/td>\n<\/tr>\n<tr class=\"row-29\">\n\t<td class=\"column-1\">27<\/td><td class=\"column-2\">2024<\/td><td class=\"column-3\">Atelier sur la lutte contre la violence \u00e0 l'\u00e9gard des femmes en Afrique, 25-29 nov.<\/td><td class=\"column-4\">79<\/td><td class=\"column-5\">51<\/td><td class=\"column-6\">28<\/td><td class=\"column-7\">30<\/td>\n<\/tr>\n<tr class=\"row-30\">\n\t<td class=\"column-1\"><\/td><td class=\"column-2\"><\/td><td class=\"column-3\">Nombre total de stagiaires<\/td><td class=\"column-4\">1,534<\/td><td class=\"column-5\">623<\/td><td class=\"column-6\">911<\/td><td class=\"column-7\"><\/td>\n<\/tr>\n<\/tbody>\n<tfoot>\n<tr class=\"row-31\">\n\t<td class=\"column-1\"><\/td><td class=\"column-2\"><\/td><th class=\"column-3\">Comme le montre ce graphique, l'AIIL a jusqu'\u00e0 pr\u00e9sent form\u00e9 1534 personnes, dont 623 femmes et 911 hommes, dans divers domaines du droit international. Des activit\u00e9s de formation sont en cours, notamment la deuxi\u00e8me session de l'Acad\u00e9mie d'\u00e9t\u00e9 du Kilimandjaro sur le droit de l'Union africaine et le droit public africain, qui se tiendra du 4 au 15 ao\u00fbt 2025.<\/th><td class=\"column-4\"><\/td><td class=\"column-5\"><\/td><td class=\"column-6\"><\/td><td class=\"column-7\"><\/td>\n<\/tr>\n<\/tfoot>\n<\/table>\n<!-- #tablepress-1 from cache --><\/div>\n\t\t\t\t\t\t<\/div>\n\t\t\t\t<\/div>\n\t\t\t\t<\/div>\n\t\t\t\t<\/div>","protected":false},"excerpt":{"rendered":"","protected":false},"author":2,"featured_media":1335,"parent":0,"menu_order":0,"comment_status":"closed","ping_status":"closed","template":"","meta":{"_acf_changed":false,"footnotes":""},"class_list":["post-935","page","type-page","status-publish","has-post-thumbnail","hentry"],"acf":[],"_links":{"self":[{"href":"https:\/\/aiil-iadi.org\/fr\/wp-json\/wp\/v2\/pages\/935","targetHints":{"allow":["GET"]}}],"collection":[{"href":"https:\/\/aiil-iadi.org\/fr\/wp-json\/wp\/v2\/pages"}],"about":[{"href":"https:\/\/aiil-iadi.org\/fr\/wp-json\/wp\/v2\/types\/page"}],"author":[{"embeddable":true,"href":"https:\/\/aiil-iadi.org\/fr\/wp-json\/wp\/v2\/users\/2"}],"replies":[{"embeddable":true,"href":"https:\/\/aiil-iadi.org\/fr\/wp-json\/wp\/v2\/comments?post=935"}],"version-history":[{"count":0,"href":"https:\/\/aiil-iadi.org\/fr\/wp-json\/wp\/v2\/pages\/935\/revisions"}],"wp:featuredmedia":[{"embeddable":true,"href":"https:\/\/aiil-iadi.org\/fr\/wp-json\/wp\/v2\/media\/1335"}],"wp:attachment":[{"href":"https:\/\/aiil-iadi.org\/fr\/wp-json\/wp\/v2\/media?parent=935"}],"curies":[{"name":"wp","href":"https:\/\/api.w.org\/{rel}","templated":true}]}}